{"id":1611,"date":"2022-03-09T12:50:31","date_gmt":"2022-03-09T12:50:31","guid":{"rendered":"https:\/\/redfruct.ro\/szolgaltatasaink\/"},"modified":"2022-07-01T10:48:48","modified_gmt":"2022-07-01T10:48:48","slug":"szolgaltatasaink","status":"publish","type":"page","link":"https:\/\/redfruct.ro\/hu\/szolgaltatasaink\/","title":{"rendered":"Szolg\u00e1ltat\u00e1saink"},"content":{"rendered":"\t\t<div data-elementor-type=\"wp-page\" data-elementor-id=\"1611\" class=\"elementor elementor-1611 elementor-82\">\n\t\t\t\t\t\t<section class=\"elementor-section elementor-top-section elementor-element elementor-element-6ecbe23 elementor-section-height-min-height elementor-section-boxed elementor-section-height-default elementor-section-items-middle\" data-id=\"6ecbe23\" data-element_type=\"section\" data-settings=\"{&quot;background_background&quot;:&quot;classic&quot;}\">\n\t\t\t\t\t\t\t<div class=\"elementor-background-overlay\"><\/div>\n\t\t\t\t\t\t\t<div class=\"elementor-container elementor-column-gap-default\">\n\t\t\t\t\t<div class=\"elementor-column elementor-col-100 elementor-top-column elementor-element elementor-element-805aecf\" data-id=\"805aecf\" data-element_type=\"column\">\n\t\t\t<div class=\"elementor-widget-wrap elementor-element-populated\">\n\t\t\t\t\t\t<div class=\"elementor-element elementor-element-fb905e2 elementor-widget elementor-widget-heading\" data-id=\"fb905e2\" data-element_type=\"widget\" data-widget_type=\"heading.default\">\n\t\t\t\t<div class=\"elementor-widget-container\">\n\t\t\t\t\t<h2 class=\"elementor-heading-title elementor-size-default\">Szolg\u00e1ltat\u00e1saink<\/h2>\t\t\t\t<\/div>\n\t\t\t\t<\/div>\n\t\t\t\t\t<\/div>\n\t\t<\/div>\n\t\t\t\t\t<\/div>\n\t\t<\/section>\n\t\t\t\t<section class=\"elementor-section elementor-top-section elementor-element elementor-element-fc2507b elementor-section-boxed elementor-section-height-default elementor-section-height-default\" data-id=\"fc2507b\" data-element_type=\"section\" data-settings=\"{&quot;background_background&quot;:&quot;classic&quot;}\">\n\t\t\t\t\t\t\t<div class=\"elementor-background-overlay\"><\/div>\n\t\t\t\t\t\t\t<div class=\"elementor-container elementor-column-gap-default\">\n\t\t\t\t\t<div class=\"elementor-column elementor-col-100 elementor-top-column elementor-element elementor-element-5a35062\" data-id=\"5a35062\" data-element_type=\"column\">\n\t\t\t<div class=\"elementor-widget-wrap elementor-element-populated\">\n\t\t\t\t\t\t<section class=\"elementor-section elementor-inner-section elementor-element elementor-element-a2bea00 elementor-section-full_width elementor-section-height-default elementor-section-height-default\" data-id=\"a2bea00\" data-element_type=\"section\">\n\t\t\t\t\t\t<div class=\"elementor-container elementor-column-gap-default\">\n\t\t\t\t\t<div class=\"elementor-column elementor-col-50 elementor-inner-column elementor-element elementor-element-06414bf\" data-id=\"06414bf\" data-element_type=\"column\">\n\t\t\t<div class=\"elementor-widget-wrap elementor-element-populated\">\n\t\t\t\t\t\t<div class=\"elementor-element elementor-element-12c5116 elementor-widget elementor-widget-text-editor\" data-id=\"12c5116\" data-element_type=\"widget\" data-widget_type=\"text-editor.default\">\n\t\t\t\t<div class=\"elementor-widget-container\">\n\t\t\t\t\t\t\t\t\tA SC REDFRUCT SRL \u00e1ltal beszerzett nyersanyagokb\u00f3l k\u00e9sz\u00fclt gy\u00fcm\u00f6lcslevek el\u0151\u00e1ll\u00edt\u00e1sa \u00e9s forgalmaz\u00e1sa mellett lehet\u0151s\u00e9get k\u00edn\u00e1lunk arra, hogy az \u00fcgyfelek elhozz\u00e1k <strong>saj\u00e1t gy\u00fcm\u00f6lcseiket<\/strong> hozz\u00e1nk, hogy finom \u00e9s eg\u00e9szs\u00e9ges gy\u00fcm\u00f6lcsleveket k\u00e9sz\u00edts\u00fcnk bel\u0151l\u00fck.\t\t\t\t\t\t\t\t<\/div>\n\t\t\t\t<\/div>\n\t\t\t\t<div class=\"elementor-element elementor-element-5117404 elementor-icon-list--layout-traditional elementor-list-item-link-full_width elementor-widget elementor-widget-icon-list\" data-id=\"5117404\" data-element_type=\"widget\" data-widget_type=\"icon-list.default\">\n\t\t\t\t<div class=\"elementor-widget-container\">\n\t\t\t\t\t\t\t<ul class=\"elementor-icon-list-items\">\n\t\t\t\t\t\t\t<li class=\"elementor-icon-list-item\">\n\t\t\t\t\t\t\t\t\t\t\t<span class=\"elementor-icon-list-icon\">\n\t\t\t\t\t\t\t<i aria-hidden=\"true\" class=\"fas fa-chevron-right\"><\/i>\t\t\t\t\t\t<\/span>\n\t\t\t\t\t\t\t\t\t\t<span class=\"elementor-icon-list-text\">\u00dcgyfeleink magukkal hozz\u00e1k saj\u00e1t gy\u00fcm\u00f6lcseiket \u00e9s z\u00f6lds\u00e9geiket, \u00e9s a saj\u00e1t receptjeik szerint elk\u00e9sz\u00fclt levekkel t\u00e1voznak, mindenki a hozott nyersanyag f\u00fcggv\u00e9ny\u00e9ben.<\/span>\n\t\t\t\t\t\t\t\t\t<\/li>\n\t\t\t\t\t\t\t\t<li class=\"elementor-icon-list-item\">\n\t\t\t\t\t\t\t\t\t\t\t<span class=\"elementor-icon-list-icon\">\n\t\t\t\t\t\t\t<i aria-hidden=\"true\" class=\"fas fa-chevron-right\"><\/i>\t\t\t\t\t\t<\/span>\n\t\t\t\t\t\t\t\t\t\t<span class=\"elementor-icon-list-text\">Minden termel\u0151vel k\u00f6zrem\u0171k\u00f6d\u00fcnk, legyenek nagy, t\u00f6bb hekt\u00e1ros gy\u00fcm\u00f6lcs\u00f6s\u00f6kkel rendelkez\u0151k, vagy olyanok, akiknek csak n\u00e9h\u00e1ny gy\u00fcm\u00f6lcsf\u00e1ja van, de akik a v\u00e1rtn\u00e1l nagyobb term\u00e9st takar\u00edtottak be, \u00e9s el szeretn\u00e9k adni a f\u00f6l\u00f6sleget.<\/span>\n\t\t\t\t\t\t\t\t\t<\/li>\n\t\t\t\t\t\t<\/ul>\n\t\t\t\t\t\t<\/div>\n\t\t\t\t<\/div>\n\t\t\t\t\t<\/div>\n\t\t<\/div>\n\t\t\t\t<div class=\"elementor-column elementor-col-50 elementor-inner-column elementor-element elementor-element-7796923\" data-id=\"7796923\" data-element_type=\"column\">\n\t\t\t<div class=\"elementor-widget-wrap elementor-element-populated\">\n\t\t\t\t\t\t<div class=\"elementor-element elementor-element-d75a123 elementor-widget elementor-widget-image\" data-id=\"d75a123\" data-element_type=\"widget\" data-widget_type=\"image.default\">\n\t\t\t\t<div class=\"elementor-widget-container\">\n\t\t\t\t\t\t\t\t\t\t\t\t\t\t\t<img fetchpriority=\"high\" decoding=\"async\" width=\"1024\" height=\"683\" src=\"https:\/\/redfruct.ro\/wp-content\/uploads\/2022\/03\/delicious-various-fruits-wooden-basket-high-quality-photo-1024x683.jpg\" class=\"attachment-large size-large wp-image-1538\" alt=\"\" srcset=\"https:\/\/redfruct.ro\/wp-content\/uploads\/2022\/03\/delicious-various-fruits-wooden-basket-high-quality-photo-1024x683.jpg 1024w, https:\/\/redfruct.ro\/wp-content\/uploads\/2022\/03\/delicious-various-fruits-wooden-basket-high-quality-photo-scaled-300x200.jpg 300w, https:\/\/redfruct.ro\/wp-content\/uploads\/2022\/03\/delicious-various-fruits-wooden-basket-high-quality-photo-scaled-1600x1067.jpg 1600w, https:\/\/redfruct.ro\/wp-content\/uploads\/2022\/03\/delicious-various-fruits-wooden-basket-high-quality-photo-768x512.jpg 768w, https:\/\/redfruct.ro\/wp-content\/uploads\/2022\/03\/delicious-various-fruits-wooden-basket-high-quality-photo-1536x1024.jpg 1536w, https:\/\/redfruct.ro\/wp-content\/uploads\/2022\/03\/delicious-various-fruits-wooden-basket-high-quality-photo-2048x1365.jpg 2048w\" sizes=\"(max-width: 1024px) 100vw, 1024px\" \/>\t\t\t\t\t\t\t\t\t\t\t\t\t\t\t<\/div>\n\t\t\t\t<\/div>\n\t\t\t\t\t<\/div>\n\t\t<\/div>\n\t\t\t\t\t<\/div>\n\t\t<\/section>\n\t\t\t\t\t<\/div>\n\t\t<\/div>\n\t\t\t\t\t<\/div>\n\t\t<\/section>\n\t\t\t\t<\/div>\n\t\t","protected":false},"excerpt":{"rendered":"<p>Szolg\u00e1ltat\u00e1saink A SC REDFRUCT SRL \u00e1ltal beszerzett nyersanyagokb\u00f3l k\u00e9sz\u00fclt gy\u00fcm\u00f6lcslevek el\u0151\u00e1ll\u00edt\u00e1sa \u00e9s forgalmaz\u00e1sa mellett lehet\u0151s\u00e9get k\u00edn\u00e1lunk arra, hogy az \u00fcgyfelek elhozz\u00e1k saj\u00e1t gy\u00fcm\u00f6lcseiket hozz\u00e1nk, hogy finom \u00e9s eg\u00e9szs\u00e9ges gy\u00fcm\u00f6lcsleveket k\u00e9sz\u00edts\u00fcnk bel\u0151l\u00fck. \u00dcgyfeleink magukkal hozz\u00e1k saj\u00e1t gy\u00fcm\u00f6lcseiket \u00e9s z\u00f6lds\u00e9geiket, \u00e9s a saj\u00e1t receptjeik szerint elk\u00e9sz\u00fclt levekkel t\u00e1voznak, mindenki a hozott nyersanyag f\u00fcggv\u00e9ny\u00e9ben. Minden termel\u0151vel k\u00f6zrem\u0171k\u00f6d\u00fcnk, legyenek [&hellip;]<\/p>\n","protected":false},"author":1,"featured_media":0,"parent":0,"menu_order":0,"comment_status":"closed","ping_status":"closed","template":"","meta":{"site-sidebar-layout":"no-sidebar","site-content-layout":"page-builder","ast-site-content-layout":"default","site-content-style":"default","site-sidebar-style":"default","ast-global-header-display":"","ast-banner-title-visibility":"","ast-main-header-display":"","ast-hfb-above-header-display":"","ast-hfb-below-header-display":"","ast-hfb-mobile-header-display":"","site-post-title":"disabled","ast-breadcrumbs-content":"","ast-featured-img":"disabled","footer-sml-layout":"","ast-disable-related-posts":"","theme-transparent-header-meta":"default","adv-header-id-meta":"","stick-header-meta":"default","header-above-stick-meta":"","header-main-stick-meta":"","header-below-stick-meta":"","astra-migrate-meta-layouts":"default","ast-page-background-enabled":"default","ast-page-background-meta":{"desktop":{"background-color":"var(--ast-global-color-4)","background-image":"","background-repeat":"repeat","background-position":"center center","background-size":"auto","background-attachment":"scroll","background-type":"","background-media":"","overlay-type":"","overlay-color":"","overlay-opacity":"","overlay-gradient":""},"tablet":{"background-color":"","background-image":"","background-repeat":"repeat","background-position":"center center","background-size":"auto","background-attachment":"scroll","background-type":"","background-media":"","overlay-type":"","overlay-color":"","overlay-opacity":"","overlay-gradient":""},"mobile":{"background-color":"","background-image":"","background-repeat":"repeat","background-position":"center center","background-size":"auto","background-attachment":"scroll","background-type":"","background-media":"","overlay-type":"","overlay-color":"","overlay-opacity":"","overlay-gradient":""}},"ast-content-background-meta":{"desktop":{"background-color":"var(--ast-global-color-5)","background-image":"","background-repeat":"repeat","background-position":"center center","background-size":"auto","background-attachment":"scroll","background-type":"","background-media":"","overlay-type":"","overlay-color":"","overlay-opacity":"","overlay-gradient":""},"tablet":{"background-color":"var(--ast-global-color-5)","background-image":"","background-repeat":"repeat","background-position":"center center","background-size":"auto","background-attachment":"scroll","background-type":"","background-media":"","overlay-type":"","overlay-color":"","overlay-opacity":"","overlay-gradient":""},"mobile":{"background-color":"var(--ast-global-color-5)","background-image":"","background-repeat":"repeat","background-position":"center center","background-size":"auto","background-attachment":"scroll","background-type":"","background-media":"","overlay-type":"","overlay-color":"","overlay-opacity":"","overlay-gradient":""}},"footnotes":""},"class_list":["post-1611","page","type-page","status-publish","hentry"],"_links":{"self":[{"href":"https:\/\/redfruct.ro\/hu\/wp-json\/wp\/v2\/pages\/1611","targetHints":{"allow":["GET"]}}],"collection":[{"href":"https:\/\/redfruct.ro\/hu\/wp-json\/wp\/v2\/pages"}],"about":[{"href":"https:\/\/redfruct.ro\/hu\/wp-json\/wp\/v2\/types\/page"}],"author":[{"embeddable":true,"href":"https:\/\/redfruct.ro\/hu\/wp-json\/wp\/v2\/users\/1"}],"replies":[{"embeddable":true,"href":"https:\/\/redfruct.ro\/hu\/wp-json\/wp\/v2\/comments?post=1611"}],"version-history":[{"count":0,"href":"https:\/\/redfruct.ro\/hu\/wp-json\/wp\/v2\/pages\/1611\/revisions"}],"wp:attachment":[{"href":"https:\/\/redfruct.ro\/hu\/wp-json\/wp\/v2\/media?parent=1611"}],"curies":[{"name":"wp","href":"https:\/\/api.w.org\/{rel}","templated":true}]}}