{"id":1635,"date":"2022-03-23T06:36:29","date_gmt":"2022-03-23T06:36:29","guid":{"rendered":"https:\/\/redfruct.ro\/adatvedelmi-iranyelvek\/"},"modified":"2022-07-15T10:26:45","modified_gmt":"2022-07-15T10:26:45","slug":"adatvedelmi-iranyelvek","status":"publish","type":"page","link":"https:\/\/redfruct.ro\/hu\/adatvedelmi-iranyelvek\/","title":{"rendered":"Adatv\u00e9delmi ir\u00e1nyelvek"},"content":{"rendered":"\t\t<div data-elementor-type=\"wp-page\" data-elementor-id=\"1635\" class=\"elementor elementor-1635 elementor-608\">\n\t\t\t\t\t\t<section class=\"elementor-section elementor-top-section elementor-element elementor-element-4147e1c elementor-section-height-min-height elementor-section-boxed elementor-section-height-default elementor-section-items-middle\" data-id=\"4147e1c\" data-element_type=\"section\" data-settings=\"{&quot;background_background&quot;:&quot;classic&quot;}\">\n\t\t\t\t\t\t\t<div class=\"elementor-background-overlay\"><\/div>\n\t\t\t\t\t\t\t<div class=\"elementor-container elementor-column-gap-default\">\n\t\t\t\t\t<div class=\"elementor-column elementor-col-100 elementor-top-column elementor-element elementor-element-e1740f9\" data-id=\"e1740f9\" data-element_type=\"column\">\n\t\t\t<div class=\"elementor-widget-wrap elementor-element-populated\">\n\t\t\t\t\t\t<div class=\"elementor-element elementor-element-968a8e6 elementor-widget elementor-widget-heading\" data-id=\"968a8e6\" data-element_type=\"widget\" data-widget_type=\"heading.default\">\n\t\t\t\t<div class=\"elementor-widget-container\">\n\t\t\t\t\t<h2 class=\"elementor-heading-title elementor-size-default\">Adatv\u00e9delmi szab\u00e1lyzat<\/h2>\t\t\t\t<\/div>\n\t\t\t\t<\/div>\n\t\t\t\t\t<\/div>\n\t\t<\/div>\n\t\t\t\t\t<\/div>\n\t\t<\/section>\n\t\t\t\t<section class=\"elementor-section elementor-top-section elementor-element elementor-element-3c8095f elementor-section-boxed elementor-section-height-default elementor-section-height-default\" data-id=\"3c8095f\" data-element_type=\"section\" data-settings=\"{&quot;background_background&quot;:&quot;classic&quot;}\">\n\t\t\t\t\t\t\t<div class=\"elementor-background-overlay\"><\/div>\n\t\t\t\t\t\t\t<div class=\"elementor-container elementor-column-gap-default\">\n\t\t\t\t\t<div class=\"elementor-column elementor-col-100 elementor-top-column elementor-element elementor-element-42853ac\" data-id=\"42853ac\" data-element_type=\"column\">\n\t\t\t<div class=\"elementor-widget-wrap elementor-element-populated\">\n\t\t\t\t\t\t<div class=\"elementor-element elementor-element-8f6e505 elementor-widget elementor-widget-text-editor\" data-id=\"8f6e505\" data-element_type=\"widget\" data-widget_type=\"text-editor.default\">\n\t\t\t\t<div class=\"elementor-widget-container\">\n\t\t\t\t\t\t\t\t\t<h3><b>I. \u00c1ltal\u00e1nos inform\u00e1ci\u00f3k<\/b><\/h3><p><span style=\"font-weight: 400;\">Az \u00d6n szem\u00e9lyes adatainak bizalmas kezel\u00e9se a <strong>Redfruct SRL<\/strong>, sz\u00e9khelye \u00c1kosfalva, 41 E, Maros megye mint adatkezel\u0151 egyik f\u0151 feladata.<\/span><\/p><p><span style=\"font-weight: 400;\">Az al\u00e1bbi dokumentum c\u00e9lja, hogy t\u00e1j\u00e9koztassa \u00d6nt szem\u00e9lyes adatainak a <a href=\"https:\/\/redfruct.ro\/hu\/\">www.redfruct.ro<\/a> haszn\u00e1lat\u00e1val kapcsolatos feldolgoz\u00e1s\u00e1r\u00f3l.<\/span><\/p><h3><b>II. A feldolgozott szem\u00e9lyes adatok kateg\u00f3ri\u00e1i<\/b><\/h3><p><span style=\"font-weight: 400;\">Ha \u00d6n a honlap l\u00e1togat\u00f3ja, a <strong>Redfruct SRL<\/strong> feldolgozza az \u00d6n \u00e1ltal k\u00f6zvetlen\u00fcl az oldal haszn\u00e1lat\u00e1val \u00f6sszef\u00fcgg\u00e9sben megadott szem\u00e9lyes adatokat, p\u00e9ld\u00e1ul a kapcsolatfelv\u00e9tel\/k\u00e9rd\u00e9sek\/panaszok rovatban megadott adatokat, amennyiben \u00d6n ilyen m\u00f3don l\u00e9p kapcsolatba vel\u00fcnk.<\/span><\/p><h3><b>III. Az adatkezel\u00e9s c\u00e9ljai \u00e9s indokl\u00e1sa<\/b><\/h3><p><span style=\"font-weight: 400;\">Ha \u00d6n az oldal l\u00e1togat\u00f3ja, a <strong>Redfruct SRL<\/strong> az al\u00e1bbiak szerint kezeli az \u00d6n szem\u00e9lyes adatait:<\/span><\/p><ul><li><span style=\"font-weight: 400;\">marketingtev\u00e9kenys\u00e9g c\u00e9lj\u00e1b\u00f3l, azaz a <strong>Redfruct SRL<\/strong> \u00e1ltal a weboldalon kereszt\u00fcl k\u00edn\u00e1lt term\u00e9kekkel \u00e9s szolg\u00e1ltat\u00e1sokkal kapcsolatos kereskedelmi kommunik\u00e1ci\u00f3 k\u00fcld\u00e9s\u00e9re t\u00e1vk\u00f6zl\u00e9si eszk\u00f6z\u00f6k\u00f6n kereszt\u00fcl (e-mail, sms)<\/span><\/li><\/ul><p><span style=\"font-weight: 400;\">A honlapon el\u00e9rhet\u0151 h\u00edrlev\u00e9l-feliratkoz\u00e1si \u0171rlapon tal\u00e1lhat\u00f3 n\u00e9gyzet kit\u00f6lt\u00e9s\u00e9vel \u00e9s bejel\u00f6l\u00e9s\u00e9vel adhatja beleegyez\u00e9s\u00e9t az adatai ilyen c\u00e9l\u00fa feldolgoz\u00e1s\u00e1hoz. Ha le szeretne iratkozni az ilyen jelleg\u0171 kereskedelmi c\u00e9l\u00fa h\u00edrekr\u0151l, haszn\u00e1lja a kereskedelmi c\u00e9l\u00fa h\u00edreket tartalmaz\u00f3 e-mailek\/\u00fczenetek v\u00e9g\u00e9n tal\u00e1lhat\u00f3 lehet\u0151s\u00e9get.<\/span><\/p><p><span style=\"font-weight: 400;\">A szem\u00e9lyes adatok ilyen c\u00e9l\u00fa szolg\u00e1ltat\u00e1sa \u00f6nk\u00e9ntes. Az ilyen c\u00e9l\u00fa adatkezel\u00e9shez val\u00f3 hozz\u00e1j\u00e1rul\u00e1s megtagad\u00e1sa nem j\u00e1r negat\u00edv k\u00f6vetkezm\u00e9nyekkel \u00d6nre n\u00e9zve.<\/span><\/p><ul><li><span style=\"font-weight: 400;\">a panaszok megold\u00e1sa c\u00e9lj\u00e1b\u00f3l, valamint a honlapforgalom k\u00f6vet\u00e9se \u00e9s a honlapon tapasztalhat\u00f3 \u00e9lm\u00e9ny jav\u00edt\u00e1sa \u00e9rdek\u00e9ben.<\/span><\/li><\/ul><p><span style=\"font-weight: 400;\">A szem\u00e9lyes adatok ilyen c\u00e9l\u00fa szolg\u00e1ltat\u00e1sa \u00f6nk\u00e9ntes. Az ilyen c\u00e9l\u00fa adatkezel\u00e9shez val\u00f3 hozz\u00e1j\u00e1rul\u00e1s megtagad\u00e1sa nem j\u00e1r negat\u00edv k\u00f6vetkezm\u00e9nyekkel \u00d6nre n\u00e9zve.<\/span><\/p><h3><b>IV. Az adatkezel\u00e9s id\u0151tartama<\/b><\/h3><p><span style=\"font-weight: 400;\">A <strong>Redfruct SRL<\/strong> csak addig kezeli az \u00d6n szem\u00e9lyes adatait, ameddig az a fent eml\u00edtett adatkezel\u00e9si c\u00e9lok teljes\u00edt\u00e9s\u00e9hez sz\u00fcks\u00e9ges.<\/span><\/p><p><span style=\"font-weight: 400;\">Ha \u00d6n \u00fcgyf\u00e9l, az \u00d6n adatait a szerz\u0151d\u00e9ses kapcsolat teljes id\u0151tartama alatt \u00e9s azt k\u00f6vet\u0151en a <strong>Redfruct SRL<\/strong>-t terhel\u0151 jogi k\u00f6telezetts\u00e9geknek megfelel\u0151en kezelj\u00fck (pl. a p\u00e9nz\u00fcgyi-sz\u00e1mviteli bizonylatok eset\u00e9ben, amelyek meg\u0151rz\u00e9si ideje a t\u00f6rv\u00e9ny \u00e1ltal el\u0151\u00edrt 10 \u00e9v annak a p\u00e9nz\u00fcgyi \u00e9vnek a v\u00e9g\u00e9t\u0151l sz\u00e1m\u00edtva, amelyben a bizonylatok<\/span><\/p><p><span style=\"font-weight: 400;\">Ha \u00d6n \u00fcgyf\u00e9l, \u00e9s \u00e9l a felhaszn\u00e1l\u00f3i fi\u00f3kja t\u00f6rl\u00e9s\u00e9nek lehet\u0151s\u00e9g\u00e9vel a Fi\u00f3k t\u00f6rl\u00e9se gombra kattintva a Fi\u00f3kinform\u00e1ci\u00f3im f\u00fcl\u00f6n, a <strong>Redfruct SRL<\/strong> ezt a m\u0171veletet \u00fagy \u00e9rtelmezi, hogy \u00d6n leiratkozik a kereskedelmi c\u00e9l\u00fa kommunik\u00e1ci\u00f3s eszk\u00f6z\u00f6kr\u0151l, amelyeken kereszt\u00fcl t\u00e1j\u00e9koztatjuk \u00d6nt az oldalon k\u00edn\u00e1lt term\u00e9kekr\u0151l \u00e9s szolg\u00e1ltat\u00e1sokr\u00f3l. Ebben az \u00e9rtelemben, ha \u00fagy d\u00f6nt, hogy t\u00f6rli felhaszn\u00e1l\u00f3i fi\u00f3kj\u00e1t, a tov\u00e1bbiakban nem k\u00fcld\u00fcnk \u00d6nnek ilyen jelleg\u0171 e-maileket \u00e9s\/vagy sms-eket. T\u00e1j\u00e9koztatjuk azonban, hogy fi\u00f3kj\u00e1nak t\u00f6rl\u00e9se nem j\u00e1r szem\u00e9lyes adatainak automatikus t\u00f6rl\u00e9s\u00e9vel. Ha nem k\u00edv\u00e1nja tov\u00e1bb j\u00f3v\u00e1hagyni szem\u00e9lyes adatainak feldolgoz\u00e1s\u00e1t, vagy ha szem\u00e9lyes adatainak t\u00f6rl\u00e9s\u00e9t k\u00e9ri, az al\u00e1bbi VII. pontban r\u00e9szletezett jogait gyakorolhatja. Ha \u00d6n a fi\u00f3kja t\u00f6rl\u00e9s\u00e9t k\u00e9ri, de abban legal\u00e1bb egy akt\u00edv rendel\u00e9s van, a fi\u00f3k t\u00f6rl\u00e9se csak a term\u00e9kek kisz\u00e1ll\u00edt\u00e1sa<\/span><\/p><p><span style=\"font-weight: 400;\">Ha \u00d6n visszavonja az adatainak marketing c\u00e9l\u00fa feldolgoz\u00e1s\u00e1hoz adott hozz\u00e1j\u00e1rul\u00e1s\u00e1t, a <strong>Redfruct SRL<\/strong> megsz\u00fcnteti az \u00d6n szem\u00e9lyes adatainak ilyen c\u00e9l\u00fa feldolgoz\u00e1s\u00e1t, an\u00e9lk\u00fcl azonban, hogy ez befoly\u00e1soln\u00e1 a <strong>Redfruct SRL<\/strong> \u00e1ltal a hozz\u00e1j\u00e1rul\u00e1s visszavon\u00e1sa el\u0151tt az \u00d6n \u00e1ltal adott hozz\u00e1j\u00e1rul\u00e1s alapj\u00e1n v\u00e9gzett feldolgoz\u00e1st.<\/span><\/p><h3><b>V. Szem\u00e9lyes adatok nyilv\u00e1noss\u00e1gra hozatala<\/b><\/h3><p><span style=\"font-weight: 400;\">Az adatkezel\u00e9si c\u00e9lok teljes\u00edt\u00e9se \u00e9rdek\u00e9ben a <strong>Redfruct SRL<\/strong> \u00e1tadhatja az \u00d6n adatait partnereinek, harmadik feleknek vagy a <strong>Redfruct SRL<\/strong>-t a honlapon kereszt\u00fcl t\u00f6rt\u00e9n\u0151 tev\u00e9kenys\u00e9g v\u00e9gz\u00e9s\u00e9ben t\u00e1mogat\u00f3 szervezeteknek (pl. fut\u00e1rc\u00e9gek, informatikai szolg\u00e1ltat\u00f3k) vagy k\u00f6zponti\/helyi hat\u00f3s\u00e1goknak a k\u00f6vetkez\u0151, p\u00e9ldak\u00e9nt felsorolt<\/span><\/p><ul><li><span style=\"font-weight: 400;\">a honlap adminisztr\u00e1ci\u00f3ja c\u00e9lj\u00e1b\u00f3l;<\/span><\/li><li><span style=\"font-weight: 400;\">amennyiben az ilyen jelleg\u0171 adatk\u00f6zl\u00e9s a Redfruct SRL \u00e1ltal a weboldalon kereszt\u00fcl szervezett k\u00fcl\u00f6nb\u00f6z\u0151 prom\u00f3ci\u00f3s kamp\u00e1nyokban val\u00f3 r\u00e9szv\u00e9tel\u00fck eredm\u00e9nyek\u00e9ppen az \u00e9rintetteknek j\u00e1r\u00f3 d\u00edjak vagy egy\u00e9b juttat\u00e1sok oda\u00edt\u00e9l\u00e9s\u00e9hez sz\u00fcks\u00e9ges;<\/span><\/li><li><span style=\"font-weight: 400;\">a honlap \u00e9s az azon kereszt\u00fcl ny\u00fajtott szolg\u00e1ltat\u00e1sok karbantart\u00e1sa, testreszab\u00e1sa \u00e9s jav\u00edt\u00e1sa;<\/span><\/li><li><span style=\"font-weight: 400;\">adatelemz\u00e9s, a felhaszn\u00e1l\u00e1si trendek \u00e9s tev\u00e9kenys\u00e9gek nyomon k\u00f6vet\u00e9se, tesztel\u00e9se \u00e9s kutat\u00e1sa, a biztons\u00e1gi funkci\u00f3k \u00e9s a felhaszn\u00e1l\u00f3k hiteles\u00edt\u00e9s\u00e9nek fejleszt\u00e9se c\u00e9lj\u00e1b\u00f3l;<\/span><\/li><li><span style=\"font-weight: 400;\">a kereskedelmi marketingkommunik\u00e1ci\u00f3 tov\u00e1bb\u00edt\u00e1s\u00e1nak c\u00e9lj\u00e1b\u00f3l a t\u00f6rv\u00e9nyben meghat\u00e1rozott felt\u00e9telek mellett \u00e9s korl\u00e1tok k\u00f6z\u00f6tt;<\/span><\/li><li><span style=\"font-weight: 400;\">ha a szem\u00e9lyes adatok nyilv\u00e1noss\u00e1gra hozatal\u00e1t t\u00f6rv\u00e9ny \u00edrja el\u0151 stb.<\/span><\/li><\/ul><h3><b>VI. Szem\u00e9lyes adatok tov\u00e1bb\u00edt\u00e1sa<\/b><\/h3><p><span style=\"font-weight: 400;\">Az \u00fcgyfelek \u00e1ltal megadott szem\u00e9lyes adatok tov\u00e1bb\u00edthat\u00f3k Rom\u00e1ni\u00e1n k\u00edv\u00fclre, de csak az Eur\u00f3pai Uni\u00f3 orsz\u00e1gaiba.<\/span><\/p><h3><b>VII. Az \u00d6n jogai<\/b><\/h3><p><span style=\"font-weight: 400;\">A szem\u00e9lyes adatok feldolgoz\u00e1s\u00e1ra vonatkoz\u00f3 jogszab\u00e1lyokban meghat\u00e1rozott felt\u00e9telek \u00e9rtelm\u00e9ben \u00d6nt mint \u00e9rintettet a k\u00f6vetkez\u0151 jogok illetik meg:<\/span><\/p><ul><li style=\"font-weight: 400;\" aria-level=\"1\"><span style=\"font-weight: 400;\">a t\u00e1j\u00e9koztat\u00e1shoz val\u00f3 jog, azaz a <strong>Redfruct SRL<\/strong> \u00e1ltal a jelen dokumentumban le\u00edrtak szerint v\u00e9gzett adatfeldolgoz\u00e1si tev\u00e9kenys\u00e9gek r\u00e9szleteinek megismer\u00e9s\u00e9hez val\u00f3 jog;<\/span><\/li><li style=\"font-weight: 400;\" aria-level=\"1\"><span style=\"font-weight: 400;\">az adatokhoz val\u00f3 hozz\u00e1f\u00e9r\u00e9s joga, azaz az a jog, hogy a <strong>Redfruct SRL<\/strong>-t\u0151l meger\u0151s\u00edt\u00e9st kapjon a szem\u00e9lyes adatok feldolgoz\u00e1s\u00e1r\u00f3l, valamint a feldolgoz\u00e1si tev\u00e9kenys\u00e9gek r\u00e9szleteir\u0151l, p\u00e9ld\u00e1ul az adatok feldolgoz\u00e1s\u00e1nak m\u00f3dj\u00e1r\u00f3l, a feldolgoz\u00e1s c\u00e9lj\u00e1r\u00f3l, az adatok c\u00edmzettjeir\u0151l vagy a c\u00edmzettek kateg\u00f3ri\u00e1ir\u00f3l stb;<\/span><\/li><li style=\"font-weight: 400;\" aria-level=\"1\"><span style=\"font-weight: 400;\">a helyesb\u00edt\u00e9shez val\u00f3 jog, azaz a pontatlan\/jogalap n\u00e9lk\u00fcli szem\u00e9lyes adatoknak a <strong>Redfruct SRL<\/strong> \u00e1ltali indokolatlan k\u00e9sedelem n\u00e9lk\u00fcli helyesb\u00edt\u00e9s\u00e9hez \u00e9s a hi\u00e1nyos adatok kieg\u00e9sz\u00edt\u00e9s\u00e9hez val\u00f3 jog; a helyesb\u00edt\u00e9sr\u0151l\/kieg\u00e9sz\u00edt\u00e9sr\u0151l mindenkit t\u00e1j\u00e9koztatunk, akiknek az adatokat tov\u00e1bb\u00edtott\u00e1k, kiv\u00e9ve, ha ez lehetetlennek bizonyul, vagy ar\u00e1nytalan er\u0151fesz\u00edt\u00e9ssel j\u00e1r.<\/span><\/li><li style=\"font-weight: 400;\" aria-level=\"1\"><span style=\"font-weight: 400;\">az adatok indokolatlan k\u00e9sedelem n\u00e9lk\u00fcli t\u00f6rl\u00e9s\u00e9hez val\u00f3 jog (\u201eaz elfeledtet\u00e9shez val\u00f3 jog\u201d), ha az al\u00e1bbi okok egyike fenn\u00e1ll:\u00a0<\/span><\/li><\/ul><ul><li style=\"font-weight: 400;\" aria-level=\"1\"><span style=\"font-weight: 400;\">m\u00e1r nincsen sz\u00fcks\u00e9g r\u00e1juk abb\u00f3l a c\u00e9lb\u00f3l, amire gy\u0171jt\u00f6tt\u00e9k vagy feldolgozt\u00e1k \u0151ket;<\/span><\/li><li style=\"font-weight: 400;\" aria-level=\"1\"><span style=\"font-weight: 400;\">ha a hozz\u00e1j\u00e1rul\u00e1st visszavont\u00e1k, \u00e9s az adatfeldolgoz\u00e1snak nincs m\u00e1s jogalapja;<\/span><\/li><li style=\"font-weight: 400;\" aria-level=\"1\"><span style=\"font-weight: 400;\">ha az \u00e9rintett tiltakozik az adatkezel\u00e9s ellen, \u00e9s nem \u00e1llnak fenn k\u00e9nyszer\u00edt\u0151 erej\u0171 jogos okok;<\/span><\/li><li style=\"font-weight: 400;\" aria-level=\"1\"><span style=\"font-weight: 400;\">ha a szem\u00e9lyes adatokat t\u00f6rv\u00e9nyellenesen dolgozt\u00e1k fel;<\/span><\/li><li style=\"font-weight: 400;\" aria-level=\"1\"><span style=\"font-weight: 400;\">ha a szem\u00e9lyes adatokat t\u00f6rv\u00e9nyi k\u00f6telezetts\u00e9g teljes\u00edt\u00e9se \u00e9rdek\u00e9ben t\u00f6r\u00f6lni kell;<\/span><\/li><li style=\"font-weight: 400;\" aria-level=\"1\"><span style=\"font-weight: 400;\">a szem\u00e9lyes adatokat az adatkezel\u0151re vonatkoz\u00f3 uni\u00f3s vagy nemzeti joggal \u00f6sszhangban az inform\u00e1ci\u00f3s t\u00e1rsadalommal \u00f6sszef\u00fcgg\u0151 szolg\u00e1ltat\u00e1sok ny\u00fajt\u00e1s\u00e1val kapcsolatban gy\u0171jt\u00f6tt\u00e9k.<\/span><\/li><\/ul><p><span style=\"font-weight: 400;\">El\u0151fordulhat, hogy az adatok t\u00f6rl\u00e9s\u00e9re ir\u00e1nyul\u00f3 k\u00e9relmet k\u00f6vet\u0151en a <strong>Redfruct SRL<\/strong> anonimiz\u00e1lja ezeket az adatokat (\u00edgy megfosztva \u0151ket szem\u00e9lyes jelleg\u00fckt\u0151l), \u00e9s ebben a form\u00e1ban statisztikai c\u00e9lokra tov\u00e1bbra is az adatkezel\u00e9s korl\u00e1toz\u00e1s\u00e1hoz val\u00f3 jog, amennyiben:<\/span><\/p><ul><li style=\"font-weight: 400;\" aria-level=\"1\"><span style=\"font-weight: 400;\">az \u00e9rintett szem\u00e9ly vitatja az adatok pontoss\u00e1g\u00e1t, egy olyan id\u0151tartamig, amely lehet\u0151v\u00e9 teszi sz\u00e1munkra, hogy ellen\u0151rizz\u00fck azok helyess\u00e9g\u00e9t;<\/span><\/li><li style=\"font-weight: 400;\" aria-level=\"1\"><span style=\"font-weight: 400;\">az adatkezel\u00e9s t\u00f6rv\u00e9nybe \u00fctk\u00f6zik, \u00e9s az \u00e9rintett tiltakozik a szem\u00e9lyes adatok t\u00f6rl\u00e9se ellen, \u00e9s ehelyett k\u00e9ri azok felhaszn\u00e1l\u00e1s\u00e1nak korl\u00e1toz\u00e1s\u00e1t;<\/span><\/li><li style=\"font-weight: 400;\" aria-level=\"1\"><span style=\"font-weight: 400;\">az adatkezel\u0151nek m\u00e1r nincs sz\u00fcks\u00e9ge a szem\u00e9lyes adatokra az adatkezel\u00e9s c\u00e9lj\u00e1b\u00f3l, de az \u00e9rintett k\u00e9ri azokat jogi ig\u00e9nyek el\u0151terjeszt\u00e9s\u00e9hez, \u00e9rv\u00e9nyes\u00edt\u00e9s\u00e9hez vagy v\u00e9delm\u00e9hez; vagy<\/span><\/li><li style=\"font-weight: 400;\" aria-level=\"1\"><span style=\"font-weight: 400;\">az \u00e9rintett szem\u00e9ly tiltakozik az adatkezel\u00e9s ellen (a k\u00f6zvetlen marketingtev\u00e9kenys\u00e9g kiv\u00e9tel\u00e9vel), arra az id\u0151tartamra, amely alatt ellen\u0151rizz\u00fck, hogy az adatkezel\u0151 jogai els\u0151bbs\u00e9get \u00e9lveznek-e az \u00e9rintett jogaival<\/span><\/li><\/ul><ul><li style=\"font-weight: 400;\" aria-level=\"1\"><span style=\"font-weight: 400;\">az adathordozhat\u00f3s\u00e1ghoz val\u00f3 jog, azaz (i) a szem\u00e9lyes adatok struktur\u00e1lt, \u00e1ltal\u00e1nosan haszn\u00e1lt \u00e9s olvashat\u00f3 form\u00e1tumban t\u00f6rt\u00e9n\u0151 \u00e1tv\u00e9tel\u00e9hez val\u00f3 jog, valamint (ii) az ilyen adatoknak a <strong>Redfruct SRL<\/strong> \u00e1ltal egy m\u00e1sik adatkezel\u0151nek t\u00f6rt\u00e9n\u0151 tov\u00e1bb\u00edt\u00e1s\u00e1hoz val\u00f3 jog, felt\u00e9ve, hogy a t\u00f6rv\u00e9nyben meghat\u00e1rozott felt\u00e9telek teljes\u00fclnek;<\/span><\/li><li style=\"font-weight: 400;\" aria-level=\"1\"><span style=\"font-weight: 400;\">a tiltakoz\u00e1shoz val\u00f3 jog \u2013 az adatkezel\u00e9si tev\u00e9kenys\u00e9gekkel kapcsolatban az al\u00e1bbiakban jelzett k\u00e9relem beny\u00fajt\u00e1s\u00e1val gyakorolhat\u00f3;<\/span><\/li><li style=\"font-weight: 400;\" aria-level=\"1\"><span style=\"font-weight: 400;\">b\u00e1rmikor, az \u00e9rintett szem\u00e9ly k\u00fcl\u00f6nleges helyzet\u00e9vel kapcsolatos okokb\u00f3l, hogy a r\u00e1 vonatkoz\u00f3 adatokat a <strong>Redfruct SRL<\/strong> jogos \u00e9rdeke vagy a k\u00f6z\u00e9rdek alapj\u00e1n kezelje, kiv\u00e9ve, ha az \u00e9rintett \u00e9rdekeit, jogait \u00e9s szabads\u00e1gait fel\u00fcl\u00edr\u00f3, k\u00e9nyszer\u00edt\u0151 erej\u0171 jogos okok \u00e1llnak fenn az adatkezel\u00e9sre, vagy ha a c\u00e9l jogi ig\u00e9nyek el\u0151terjeszt\u00e9se, b\u00e1rmikor, ingyenesen \u00e9s indokl\u00e1s n\u00e9lk\u00fcl, hogy a r\u00e1 vonatkoz\u00f3 adatok k\u00f6zvetlen marketing c\u00e9lj\u00e1b\u00f3l feldolgozhat\u00f3k legyenek;<\/span><\/li><\/ul><ul><li style=\"font-weight: 400;\" aria-level=\"1\"><span style=\"font-weight: 400;\">az a jog, hogy ne legyen automatikus egyedi d\u00f6nt\u00e9s t\u00e1rgya, azaz a kiz\u00e1r\u00f3lag automatiz\u00e1lt adatkezel\u00e9si tev\u00e9kenys\u00e9gek &#8211; ide\u00e9rtve a profilalkot\u00e1st is &#8211; alapj\u00e1n hozott olyan d\u00f6nt\u00e9s megtagad\u00e1s\u00e1hoz val\u00f3 jog, amely az \u00e9rintett szem\u00e9lyre n\u00e9zve joghat\u00e1sokat eredm\u00e9nyezne, vagy jelent\u0151s m\u00e9rt\u00e9kben hat\u00e1ssal lenne r\u00e1;<\/span><\/li><li style=\"font-weight: 400;\" aria-level=\"1\"><span style=\"font-weight: 400;\">a szem\u00e9lyes adatok feldolgoz\u00e1s\u00e1val foglalkoz\u00f3 orsz\u00e1gos fel\u00fcgyeleti hat\u00f3s\u00e1ghoz vagy az illet\u00e9kes b\u00edr\u00f3s\u00e1gokhoz val\u00f3 fordul\u00e1s joga, amennyiben ezt sz\u00fcks\u00e9gesnek tartja.<\/span><\/li><\/ul><p><span style=\"font-weight: 400;\">Ha tov\u00e1bbi k\u00e9rd\u00e9sei vannak szem\u00e9lyes adatai feldolgoz\u00e1s\u00e1nak m\u00f3dj\u00e1val kapcsolatban, illetve ha \u00e9lni k\u00edv\u00e1n a fent eml\u00edtett jogaival, k\u00e9rj\u00fck, \u00edrjon nek\u00fcnk a <a href=\"mailto:redfruct@gmail.com\">redfruct@gmail.com<\/a> c\u00edmre. Ez a weboldal s\u00fctiket haszn\u00e1l. A f\u00e1jlok haszn\u00e1lat\u00e1val kapcsolatos tov\u00e1bbi inform\u00e1ci\u00f3k\u00e9rt k\u00e9rj\u00fck, l\u00e1togasson el az al\u00e1bbi linkre: <a href=\"https:\/\/redfruct.ro\/hu\/sutihasznalati-iranyelvek\/\"><strong>S\u00fctihaszn\u00e1lati ir\u00e1nyelvek<\/strong><\/a><\/span><\/p>\t\t\t\t\t\t\t\t<\/div>\n\t\t\t\t<\/div>\n\t\t\t\t\t<\/div>\n\t\t<\/div>\n\t\t\t\t\t<\/div>\n\t\t<\/section>\n\t\t\t\t<\/div>\n\t\t","protected":false},"excerpt":{"rendered":"<p>Adatv\u00e9delmi szab\u00e1lyzat I. \u00c1ltal\u00e1nos inform\u00e1ci\u00f3k Az \u00d6n szem\u00e9lyes adatainak bizalmas kezel\u00e9se a Redfruct SRL, sz\u00e9khelye \u00c1kosfalva, 41 E, Maros megye mint adatkezel\u0151 egyik f\u0151 feladata. Az al\u00e1bbi dokumentum c\u00e9lja, hogy t\u00e1j\u00e9koztassa \u00d6nt szem\u00e9lyes adatainak a www.redfruct.ro haszn\u00e1lat\u00e1val kapcsolatos feldolgoz\u00e1s\u00e1r\u00f3l. II. A feldolgozott szem\u00e9lyes adatok kateg\u00f3ri\u00e1i Ha \u00d6n a honlap l\u00e1togat\u00f3ja, a Redfruct SRL feldolgozza az [&hellip;]<\/p>\n","protected":false},"author":1,"featured_media":0,"parent":0,"menu_order":0,"comment_status":"closed","ping_status":"closed","template":"","meta":{"site-sidebar-layout":"no-sidebar","site-content-layout":"page-builder","ast-site-content-layout":"default","site-content-style":"default","site-sidebar-style":"default","ast-global-header-display":"","ast-banner-title-visibility":"","ast-main-header-display":"","ast-hfb-above-header-display":"","ast-hfb-below-header-display":"","ast-hfb-mobile-header-display":"","site-post-title":"disabled","ast-breadcrumbs-content":"","ast-featured-img":"disabled","footer-sml-layout":"","ast-disable-related-posts":"","theme-transparent-header-meta":"","adv-header-id-meta":"","stick-header-meta":"","header-above-stick-meta":"","header-main-stick-meta":"","header-below-stick-meta":"","astra-migrate-meta-layouts":"default","ast-page-background-enabled":"default","ast-page-background-meta":{"desktop":{"background-color":"var(--ast-global-color-4)","background-image":"","background-repeat":"repeat","background-position":"center center","background-size":"auto","background-attachment":"scroll","background-type":"","background-media":"","overlay-type":"","overlay-color":"","overlay-opacity":"","overlay-gradient":""},"tablet":{"background-color":"","background-image":"","background-repeat":"repeat","background-position":"center center","background-size":"auto","background-attachment":"scroll","background-type":"","background-media":"","overlay-type":"","overlay-color":"","overlay-opacity":"","overlay-gradient":""},"mobile":{"background-color":"","background-image":"","background-repeat":"repeat","background-position":"center center","background-size":"auto","background-attachment":"scroll","background-type":"","background-media":"","overlay-type":"","overlay-color":"","overlay-opacity":"","overlay-gradient":""}},"ast-content-background-meta":{"desktop":{"background-color":"var(--ast-global-color-5)","background-image":"","background-repeat":"repeat","background-position":"center center","background-size":"auto","background-attachment":"scroll","background-type":"","background-media":"","overlay-type":"","overlay-color":"","overlay-opacity":"","overlay-gradient":""},"tablet":{"background-color":"var(--ast-global-color-5)","background-image":"","background-repeat":"repeat","background-position":"center center","background-size":"auto","background-attachment":"scroll","background-type":"","background-media":"","overlay-type":"","overlay-color":"","overlay-opacity":"","overlay-gradient":""},"mobile":{"background-color":"var(--ast-global-color-5)","background-image":"","background-repeat":"repeat","background-position":"center center","background-size":"auto","background-attachment":"scroll","background-type":"","background-media":"","overlay-type":"","overlay-color":"","overlay-opacity":"","overlay-gradient":""}},"footnotes":""},"class_list":["post-1635","page","type-page","status-publish","hentry"],"_links":{"self":[{"href":"https:\/\/redfruct.ro\/hu\/wp-json\/wp\/v2\/pages\/1635","targetHints":{"allow":["GET"]}}],"collection":[{"href":"https:\/\/redfruct.ro\/hu\/wp-json\/wp\/v2\/pages"}],"about":[{"href":"https:\/\/redfruct.ro\/hu\/wp-json\/wp\/v2\/types\/page"}],"author":[{"embeddable":true,"href":"https:\/\/redfruct.ro\/hu\/wp-json\/wp\/v2\/users\/1"}],"replies":[{"embeddable":true,"href":"https:\/\/redfruct.ro\/hu\/wp-json\/wp\/v2\/comments?post=1635"}],"version-history":[{"count":0,"href":"https:\/\/redfruct.ro\/hu\/wp-json\/wp\/v2\/pages\/1635\/revisions"}],"wp:attachment":[{"href":"https:\/\/redfruct.ro\/hu\/wp-json\/wp\/v2\/media?parent=1635"}],"curies":[{"name":"wp","href":"https:\/\/api.w.org\/{rel}","templated":true}]}}