{"id":1644,"date":"2022-03-23T06:47:46","date_gmt":"2022-03-23T06:47:46","guid":{"rendered":"https:\/\/redfruct.ro\/sutihasznalati-iranyelvek\/"},"modified":"2022-07-15T10:37:32","modified_gmt":"2022-07-15T10:37:32","slug":"sutihasznalati-iranyelvek","status":"publish","type":"page","link":"https:\/\/redfruct.ro\/hu\/sutihasznalati-iranyelvek\/","title":{"rendered":"S\u00fctihaszn\u00e1lati ir\u00e1nyelvek"},"content":{"rendered":"\t\t<div data-elementor-type=\"wp-page\" data-elementor-id=\"1644\" class=\"elementor elementor-1644 elementor-616\">\n\t\t\t\t\t\t<section class=\"elementor-section elementor-top-section elementor-element elementor-element-5c4b961 elementor-section-height-min-height elementor-section-boxed elementor-section-height-default elementor-section-items-middle\" data-id=\"5c4b961\" data-element_type=\"section\" data-settings=\"{&quot;background_background&quot;:&quot;classic&quot;}\">\n\t\t\t\t\t\t\t<div class=\"elementor-background-overlay\"><\/div>\n\t\t\t\t\t\t\t<div class=\"elementor-container elementor-column-gap-default\">\n\t\t\t\t\t<div class=\"elementor-column elementor-col-100 elementor-top-column elementor-element elementor-element-67bb009\" data-id=\"67bb009\" data-element_type=\"column\">\n\t\t\t<div class=\"elementor-widget-wrap elementor-element-populated\">\n\t\t\t\t\t\t<div class=\"elementor-element elementor-element-eff24fa elementor-widget elementor-widget-heading\" data-id=\"eff24fa\" data-element_type=\"widget\" data-widget_type=\"heading.default\">\n\t\t\t\t<div class=\"elementor-widget-container\">\n\t\t\t\t\t<h2 class=\"elementor-heading-title elementor-size-default\">S\u00fctihaszn\u00e1lati ir\u00e1nyelvek<\/h2>\t\t\t\t<\/div>\n\t\t\t\t<\/div>\n\t\t\t\t\t<\/div>\n\t\t<\/div>\n\t\t\t\t\t<\/div>\n\t\t<\/section>\n\t\t\t\t<section class=\"elementor-section elementor-top-section elementor-element elementor-element-235e4f7 elementor-section-boxed elementor-section-height-default elementor-section-height-default\" data-id=\"235e4f7\" data-element_type=\"section\" data-settings=\"{&quot;background_background&quot;:&quot;classic&quot;}\">\n\t\t\t\t\t\t\t<div class=\"elementor-background-overlay\"><\/div>\n\t\t\t\t\t\t\t<div class=\"elementor-container elementor-column-gap-default\">\n\t\t\t\t\t<div class=\"elementor-column elementor-col-100 elementor-top-column elementor-element elementor-element-ea3bc33\" data-id=\"ea3bc33\" data-element_type=\"column\">\n\t\t\t<div class=\"elementor-widget-wrap elementor-element-populated\">\n\t\t\t\t\t\t<div class=\"elementor-element elementor-element-218e81d elementor-widget elementor-widget-text-editor\" data-id=\"218e81d\" data-element_type=\"widget\" data-widget_type=\"text-editor.default\">\n\t\t\t\t<div class=\"elementor-widget-container\">\n\t\t\t\t\t\t\t\t\t<h3><b>1. Bevezet\u00e9s<\/b><\/h3><p><span style=\"font-weight: 400;\">A jelen S\u00fctihaszn\u00e1lati ir\u00e1nyelvek a <a href=\"https:\/\/redfruct.ro\/hu\/\">www.redfruct.ro<\/a> minden felhaszn\u00e1l\u00f3j\u00e1ra vonatkoznak.\u00a0 Az al\u00e1bbi inform\u00e1ci\u00f3k c\u00e9lja, hogy t\u00e1j\u00e9koztassa a honlap felhaszn\u00e1l\u00f3it a s\u00fctik <strong>Redfruct SRL<\/strong> \u00e1ltali elhelyez\u00e9s\u00e9r\u0151l, haszn\u00e1lat\u00e1r\u00f3l \u00e9s kezel\u00e9s\u00e9r\u0151l a felhaszn\u00e1l\u00f3knak a honlapon t\u00f6rt\u00e9n\u0151 navig\u00e1ci\u00f3j\u00e1val kapcsolatban.<\/span><\/p><h3><b>2. Mik a s\u00fctik?<\/b><\/h3><p><span style=\"font-weight: 400;\">A \u201es\u00fctik\u201d kifejez\u00e9st olyan s\u00fctikre \u00e9s ahhoz hasonl\u00f3 technol\u00f3gi\u00e1kra haszn\u00e1ljuk, amelyek seg\u00edts\u00e9g\u00e9vel automatikusan inform\u00e1ci\u00f3k gy\u0171jthet\u0151k.<\/span><\/p><p><span style=\"font-weight: 400;\">Az \u201einternetes s\u00fcti\u201d (m\u00e1s n\u00e9ven \u201eb\u00f6ng\u00e9sz\u0151 s\u00fcti\u201d, \u201eHTTP-s\u00fcti\u201d vagy \u201es\u00fcti\u201d) egy bet\u0171kb\u0151l \u00e9s sz\u00e1mokb\u00f3l \u00e1ll\u00f3 kis f\u00e1jl, amely a felhaszn\u00e1l\u00f3 sz\u00e1m\u00edt\u00f3g\u00e9p\u00e9n, mobileszk\u00f6z\u00e9n vagy m\u00e1s olyan berendez\u00e9sen t\u00e1rol\u00f3dik, amelyen kereszt\u00fcl az internetet haszn\u00e1lja.<\/span><\/p><p><span style=\"font-weight: 400;\">A s\u00fctiket a webkiszolg\u00e1l\u00f3 \u00e1ltal a b\u00f6ng\u00e9sz\u0151nek (pl. Internet Explorer, Firefox, Chrome) k\u00fcld\u00f6tt k\u00e9r\u00e9s \u00e1ll\u00edtja be. A telep\u00edtett s\u00fctiknek meghat\u00e1rozott \u00e9lettartamuk van, \u00e9s \u201epassz\u00edvak\u201d maradnak abban az \u00e9rtelemben, hogy nem tartalmaznak szoftvereket, v\u00edrusokat vagy k\u00e9mprogramokat, \u00e9s nem f\u00e9rnek hozz\u00e1 annak a felhaszn\u00e1l\u00f3nak a merevlemez\u00e9n lev\u0151 inform\u00e1ci\u00f3khoz, akinek az eszk\u00f6z\u00e9re telep\u00edtett\u00e9k \u0151ket.<\/span><\/p><p><span style=\"font-weight: 400;\">A s\u00fcti k\u00e9t r\u00e9szb\u0151l \u00e1ll: a s\u00fcti nev\u00e9b\u0151l \u00e9s tartalm\u00e1b\u00f3l vagy \u00e9rt\u00e9k\u00e9b\u0151l.<\/span><\/p><p><span style=\"font-weight: 400;\">Csak a s\u00fctit k\u00fcld\u0151 webkiszolg\u00e1l\u00f3 tud \u00fajra hozz\u00e1f\u00e9rni ahhoz, amikor a felhaszn\u00e1l\u00f3 visszat\u00e9r az adott webkiszolg\u00e1l\u00f3hoz tartoz\u00f3 weboldalra.<\/span><\/p><h3><b>3. Mire haszn\u00e1ljuk a s\u00fctiket ezen az oldalon?<\/b><\/h3><p><span style=\"font-weight: 400;\">A s\u00fctiket arra haszn\u00e1ljuk, hogy a honlap felhaszn\u00e1l\u00f3inak jobb b\u00f6ng\u00e9sz\u00e9si \u00e9lm\u00e9nyt \u00e9s az egyes felhaszn\u00e1l\u00f3k ig\u00e9nyeihez \u00e9s \u00e9rdekl\u0151d\u00e9si k\u00f6r\u00e9hez igaz\u00edtott szolg\u00e1ltat\u00e1sokat ny\u00fajtsunk, nevezetesen:<\/span><\/p><ul><li><span style=\"font-weight: 400;\">az oldal haszn\u00e1lhat\u00f3s\u00e1g\u00e1nak jav\u00edt\u00e1sa, bele\u00e9rtve az oldal l\u00e1togat\u00e1sa\/haszn\u00e1lata sor\u00e1n felmer\u00fcl\u0151 hib\u00e1k azonos\u00edt\u00e1s\u00e1t;<\/span><\/li><li>a <strong>Redfruct SRL<\/strong>, a honlap tulajdonosa sz\u00e1m\u00e1ra anonim statisztik\u00e1kat szolg\u00e1ltat a honlap haszn\u00e1lat\u00e1r\u00f3l;<\/li><li>a felhaszn\u00e1l\u00f3k sz\u00e1m\u00e1ra ezen az oldalon kereszt\u00fcl el\u00e9rhet\u0151v\u00e9 v\u00e1l\u00f3 lehets\u00e9ges j\u00f6v\u0151beli javak el\u0151rejelz\u00e9se az ig\u00e9nybe vett szolg\u00e1ltat\u00e1sok\/term\u00e9kek f\u00fcggv\u00e9ny\u00e9ben.<\/li><\/ul><p><span style=\"font-weight: 400;\">A s\u00fctik \u00e1ltal k\u00fcld\u00f6tt visszajelz\u00e9sek alapj\u00e1n a <strong>Redfruct SRL<\/strong> l\u00e9p\u00e9seket tehet annak \u00e9rdek\u00e9ben, hogy hat\u00e9konyabb\u00e1 \u00e9s a felhaszn\u00e1l\u00f3k sz\u00e1m\u00e1ra hozz\u00e1f\u00e9rhet\u0151bb\u00e9 tegye ezt az oldalt.<\/span><\/p><p><span style=\"font-weight: 400;\">\u00cdgy a s\u00fctik haszn\u00e1lata lehet\u0151v\u00e9 teszi az oldal felhaszn\u00e1l\u00f3i \u00e1ltal meghat\u00e1rozott be\u00e1ll\u00edt\u00e1sok\/preferenci\u00e1k t\u00e1rol\u00e1s\u00e1t, mint p\u00e9ld\u00e1ul:<\/span><\/p><ul><li><span style=\"font-weight: 400;\">az a nyelv, amelyen a honlapot megtekintik;<\/span><\/li><li><span style=\"font-weight: 400;\">az a p\u00e9nznem, amelyben bizonyos \u00e1rakat vagy tarif\u00e1kat kifejeznek.<\/span><\/li><\/ul><h3><b>4. Mi a s\u00fctik \u00e9lettartama?<\/b><\/h3><p><span style=\"font-weight: 400;\">A s\u00fctik \u00e9lettartama jelent\u0151sen elt\u00e9rhet annak f\u00fcggv\u00e9ny\u00e9ben, hogy milyen c\u00e9lb\u00f3l helyezik el \u0151ket. A s\u00fctiknek a k\u00f6vetkez\u0151 kateg\u00f3ri\u00e1i vannak, amelyek az \u00e9lettartamukat is meghat\u00e1rozz\u00e1k:<\/span><\/p><ul><li><span style=\"font-weight: 400;\"><strong>munkamenet-s\u00fctik<\/strong> &#8211; a \u201emunkamenet-s\u00fctik\u201d olyan s\u00fctik, amelyek automatikusan t\u00f6rl\u0151dnek, amikor a felhaszn\u00e1l\u00f3 bez\u00e1rja a b\u00f6ng\u00e9sz\u0151j\u00e9t;<\/span><\/li><li><span style=\"font-weight: 400;\"><strong>tart\u00f3s vagy \u00e1lland\u00f3 s\u00fctik<\/strong> &#8211; a \u201etart\u00f3s\u201d vagy \u201e\u00e1lland\u00f3\u201d s\u00fctik olyan s\u00fctik, amelyek a felhaszn\u00e1l\u00f3 eszk\u00f6z\u00e9n maradnak, am\u00edg el nem \u00e9rnek egy bizonyos lej\u00e1rati d\u00e1tumot (amely lehet percek, napok vagy \u00e9vek m\u00falva), vagy am\u00edg a felhaszn\u00e1l\u00f3 a b\u00f6ng\u00e9sz\u0151 be\u00e1ll\u00edt\u00e1sain kereszt\u00fcl b\u00e1rmikor t\u00f6rli \u0151ket.<\/span><\/li><\/ul><h3><b>5. Mik azok a harmadik f\u00e9lt\u0151l sz\u00e1rmaz\u00f3 s\u00fctik?<\/b><\/h3><p><span style=\"font-weight: 400;\">Egyes esetekben a honlap egyes tartalmi r\u00e9szeit harmadik felek, azaz nem a <strong>Redfruct SRL<\/strong> biztos\u00edtja, amely esetben ezeket a s\u00fctiket \u201eharmadik felek s\u00fctijeinek\u201d (\u201ethird party cookies\u201d) nevezz\u00fck.<\/span><\/p><p><span style=\"font-weight: 400;\">A harmadik f\u00e9lt\u0151l sz\u00e1rmaz\u00f3 s\u00fctiszolg\u00e1ltat\u00f3knak meg kell felelni\u00fck az adatv\u00e9delmi szab\u00e1lyoknak \u00e9s az ezen az oldalon el\u00e9rhet\u0151 <a href=\"https:\/\/redfruct.ro\/hu\/adatvedelmi-iranyelvek\/\"><strong>Adatv\u00e9delmi szab\u00e1lyzatnak<\/strong><\/a>.<\/span><\/p><p><span style=\"font-weight: 400;\">Ezek a s\u00fctik a k\u00f6vetkez\u0151 harmadik felekt\u0151l sz\u00e1rmazhatnak: Google Analytics, Facebook.<\/span><\/p><h3><b>6. Milyen s\u00fctiket haszn\u00e1lunk ezen a weboldalon:<\/b><\/h3><p><span style=\"font-weight: 400;\">A weboldal haszn\u00e1lat\u00e1val\/l\u00e1togat\u00e1s\u00e1val a k\u00f6vetkez\u0151 s\u00fctik ker\u00fclhetnek elhelyez\u00e9sre:<\/span><\/p><ul><li><em>Teljes\u00edtm\u00e9ny s\u00fctik<\/em><\/li><\/ul><p><span style=\"font-weight: 400;\">Ez a fajta s\u00fcti t\u00e1rolja az oldal felhaszn\u00e1l\u00f3j\u00e1nak preferenci\u00e1it, \u00edgy az oldal \u00fajb\u00f3li l\u00e1togat\u00e1sakor nem sz\u00fcks\u00e9ges \u00fajra be\u00e1ll\u00edtani a preferenci\u00e1kat.<\/span><\/p><ul><li><em><span style=\"font-weight: 400;\">Felhaszn\u00e1l\u00f3elemz\u0151 s\u00fctik<\/span><\/em><\/li><\/ul><p><span style=\"font-weight: 400;\">Ezek a s\u00fctik inform\u00e1ci\u00f3t szolg\u00e1ltatnak arr\u00f3l, hogy egy adott honlap felhaszn\u00e1l\u00f3ja megl\u00e1togatta\/haszn\u00e1lta-e m\u00e1r kor\u00e1bban ezt a honlapot. Ezeket a s\u00fctiket kiz\u00e1r\u00f3lag statisztikai c\u00e9lokra haszn\u00e1lj\u00e1k.<\/span><\/p><ul><li><em><span style=\"font-weight: 400;\">Helymeghat\u00e1roz\u00f3 (geotargeting) s\u00fctik<\/span><\/em><\/li><\/ul><p><span style=\"font-weight: 400;\">Ezeket a s\u00fctiket olyan szoftverek haszn\u00e1lj\u00e1k, amelyek meghat\u00e1rozz\u00e1k a honlap felhaszn\u00e1l\u00f3j\u00e1nak sz\u00e1rmaz\u00e1si orsz\u00e1g\u00e1t. A kiv\u00e1lasztott nyelvt\u0151l f\u00fcggetlen\u00fcl ugyanazokat a hirdet\u00e9seket kapja.<\/span><\/p><ul><li><em><span style=\"font-weight: 400;\">Regisztr\u00e1ci\u00f3s s\u00fctik<\/span><\/em><\/li><\/ul><p><span style=\"font-weight: 400;\">Amikor \u00d6n regisztr\u00e1l ezen az oldalon, olyan s\u00fctik ker\u00fclnek kigener\u00e1l\u00e1sra, amelyek ezt megjegyzik. A szerverek ezeket a s\u00fctiket arra haszn\u00e1lj\u00e1k, hogy megmutass\u00e1k nek\u00fcnk a fi\u00f3kot, amellyel \u00d6n regisztr\u00e1lt. Ezeknek a s\u00fctiknek a haszn\u00e1lata azt is lehet\u0151v\u00e9 teszi sz\u00e1munkra, hogy az oldalon k\u00f6zz\u00e9tett hozz\u00e1sz\u00f3l\u00e1sokat a haszn\u00e1lt fi\u00f3k felhaszn\u00e1l\u00f3nev\u00e9hez k\u00f6ss\u00fck. Ha a \u201eBejelentkezve maradok\u201d opci\u00f3 nincs kiv\u00e1lasztva, ezek a s\u00fctik automatikusan t\u00f6rl\u0151dnek, amikor a b\u00f6ng\u00e9sz\u00e9si munkamenet v\u00e9get \u00e9r.<\/span><\/p><ul><li><em><span style=\"font-weight: 400;\">Rekl\u00e1ms\u00fctik<\/span><\/em><\/li><\/ul><p><span style=\"font-weight: 400;\">Ezek a s\u00fctik lehet\u0151v\u00e9 teszik sz\u00e1munkra annak nyomon k\u00f6vet\u00e9s\u00e9t, hogy a felhaszn\u00e1l\u00f3 megtekintett-e egy online hirdet\u00e9st, a hirdet\u00e9s t\u00edpus\u00e1t \u00e9s a hirdet\u00e9s megtekint\u00e9se \u00f3ta eltelt id\u0151t. Az ilyen s\u00fctiket az online hirdet\u00e9sek c\u00e9lcsoportj\u00e1nak meghat\u00e1roz\u00e1s\u00e1ra haszn\u00e1lj\u00e1k. Ezek a s\u00fctik n\u00e9vtelenek, a megtekintett tartalomr\u00f3l t\u00e1rolnak inform\u00e1ci\u00f3kat, nem pedig a felhaszn\u00e1l\u00f3kr\u00f3l.<\/span><\/p><h3><b>7. Milyen inform\u00e1ci\u00f3kat t\u00e1rolnak a s\u00fctik, \u00e9s milyen inform\u00e1ci\u00f3k v\u00e1lnak hozz\u00e1f\u00e9rhet\u0151v\u00e9 a s\u00fctik r\u00e9v\u00e9n?<\/b><\/h3><p><span style=\"font-weight: 400;\">A s\u00fctik egy kis sz\u00f6veges f\u00e1jlban t\u00e1rolnak inform\u00e1ci\u00f3kat, amelyek lehet\u0151v\u00e9 teszik a b\u00f6ng\u00e9sz\u0151 felismer\u00e9s\u00e9t. Ez az oldal a s\u00fctik lej\u00e1rat\u00e1ig vagy t\u00f6rl\u00e9s\u00e9ig felismeri az \u00d6n b\u00f6ng\u00e9sz\u0151j\u00e9t.<\/span><\/p><h3><b>8. A s\u00fctik b\u00f6ng\u00e9sz\u0151be\u00e1ll\u00edt\u00e1sainak testreszab\u00e1sa<\/b><\/h3><p><span style=\"font-weight: 400;\">Ha a s\u00fctik haszn\u00e1lata nem zavar\u00f3, \u00e9s a honlap b\u00f6ng\u00e9sz\u00e9s\u00e9hez haszn\u00e1lt sz\u00e1m\u00edt\u00f3g\u00e9pet vagy m\u0171szaki berendez\u00e9st csak \u00d6n haszn\u00e1lja, a b\u00f6ng\u00e9sz\u00e9si el\u0151zm\u00e9nyek t\u00e1rol\u00e1s\u00e1ra hossz\u00fa lej\u00e1rati id\u0151 is be\u00e1ll\u00edthat\u00f3.<\/span><\/p><p><span style=\"font-weight: 400;\">Ha a honlap b\u00f6ng\u00e9sz\u00e9s\u00e9re haszn\u00e1lt sz\u00e1m\u00edt\u00f3g\u00e9pet vagy technikai eszk\u00f6zt egyn\u00e9l t\u00f6bb szem\u00e9ly haszn\u00e1lja, akkor fontolja meg, hogy a b\u00f6ng\u00e9sz\u0151 minden egyes alkalommal t\u00f6rt\u00e9n\u0151 bez\u00e1r\u00e1sakor t\u00f6r\u00f6lje az egy\u00e9ni b\u00f6ng\u00e9sz\u00e9si adatokat.<\/span><\/p><h3><b>9. Hogyan lehet kikapcsolni a s\u00fctiket?<\/b><\/h3><p><span style=\"font-weight: 400;\">A s\u00fctik letilt\u00e1sa \u00e9s elutas\u00edt\u00e1sa megnehez\u00edtheti a honlap l\u00e1togat\u00e1s\u00e1t, \u00e9s korl\u00e1tozhatja annak haszn\u00e1lat\u00e1t.<\/span><\/p><p><span style=\"font-weight: 400;\">A felhaszn\u00e1l\u00f3k be\u00e1ll\u00edthatj\u00e1k b\u00f6ng\u00e9sz\u0151j\u00fcket \u00fagy, hogy elutas\u00edtsa a s\u00fctiket, vagy elfogadja egy adott weboldal s\u00fctijeit.<\/span><\/p><p><span style=\"font-weight: 400;\">Minden modern b\u00f6ng\u00e9sz\u0151 lehet\u0151s\u00e9get biztos\u00edt a s\u00fcti-be\u00e1ll\u00edt\u00e1sok m\u00f3dos\u00edt\u00e1s\u00e1ra. Ezek a be\u00e1ll\u00edt\u00e1sok \u00e1ltal\u00e1ban a b\u00f6ng\u00e9sz\u0151 \u201eBe\u00e1ll\u00edt\u00e1sok\u201d r\u00e9sz\u00e9ben vagy a \u201eBe\u00e1ll\u00edt\u00e1sok\u201d men\u00fcben \u00e9rhet\u0151k el.<\/span><\/p><p><span style=\"font-weight: 400;\">A s\u00fctik elutas\u00edt\u00e1sa vagy letilt\u00e1sa azonban nem jelenti azt, hogy \u00d6n nem kap t\u00f6bb\u00e9 online hirdet\u00e9seket &#8211; csak azt, hogy azok nem lesznek az \u00d6n preferenci\u00e1ihoz \u00e9s \u00e9rdekl\u0151d\u00e9si k\u00f6r\u00e9hez igaz\u00edtva, ahogyan azt az \u00d6n b\u00f6ng\u00e9sz\u00e9si szok\u00e1sai mutatj\u00e1k.<\/span><\/p><p><span style=\"font-weight: 400;\">A be\u00e1ll\u00edt\u00e1sok meg\u00e9rt\u00e9s\u00e9hez hasznosak lehetnek az al\u00e1bbi linkek:<\/span><\/p><ul><li><a href=\"https:\/\/support.mozilla.org\/en-US\/kb\/enhanced-tracking-protection-firefox-desktop?redirectslug=enable-and-disable-cookies-website-preferences&amp;redirectlocale=en-US\"><span style=\"font-weight: 400;\">Cookie settings in Firefox<\/span><\/a><\/li><li><a href=\"https:\/\/support.google.com\/chrome\/answer\/95647\"><span style=\"font-weight: 400;\">Cookie settings in Chrome<\/span><\/a><\/li><\/ul>\t\t\t\t\t\t\t\t<\/div>\n\t\t\t\t<\/div>\n\t\t\t\t\t<\/div>\n\t\t<\/div>\n\t\t\t\t\t<\/div>\n\t\t<\/section>\n\t\t\t\t<\/div>\n\t\t","protected":false},"excerpt":{"rendered":"<p>S\u00fctihaszn\u00e1lati ir\u00e1nyelvek 1. Bevezet\u00e9s A jelen S\u00fctihaszn\u00e1lati ir\u00e1nyelvek a www.redfruct.ro minden felhaszn\u00e1l\u00f3j\u00e1ra vonatkoznak.\u00a0 Az al\u00e1bbi inform\u00e1ci\u00f3k c\u00e9lja, hogy t\u00e1j\u00e9koztassa a honlap felhaszn\u00e1l\u00f3it a s\u00fctik Redfruct SRL \u00e1ltali elhelyez\u00e9s\u00e9r\u0151l, haszn\u00e1lat\u00e1r\u00f3l \u00e9s kezel\u00e9s\u00e9r\u0151l a felhaszn\u00e1l\u00f3knak a honlapon t\u00f6rt\u00e9n\u0151 navig\u00e1ci\u00f3j\u00e1val kapcsolatban. 2. Mik a s\u00fctik? A \u201es\u00fctik\u201d kifejez\u00e9st olyan s\u00fctikre \u00e9s ahhoz hasonl\u00f3 technol\u00f3gi\u00e1kra haszn\u00e1ljuk, amelyek seg\u00edts\u00e9g\u00e9vel automatikusan [&hellip;]<\/p>\n","protected":false},"author":1,"featured_media":0,"parent":0,"menu_order":0,"comment_status":"closed","ping_status":"closed","template":"","meta":{"site-sidebar-layout":"no-sidebar","site-content-layout":"page-builder","ast-site-content-layout":"default","site-content-style":"default","site-sidebar-style":"default","ast-global-header-display":"","ast-banner-title-visibility":"","ast-main-header-display":"","ast-hfb-above-header-display":"","ast-hfb-below-header-display":"","ast-hfb-mobile-header-display":"","site-post-title":"disabled","ast-breadcrumbs-content":"","ast-featured-img":"disabled","footer-sml-layout":"","ast-disable-related-posts":"","theme-transparent-header-meta":"","adv-header-id-meta":"","stick-header-meta":"","header-above-stick-meta":"","header-main-stick-meta":"","header-below-stick-meta":"","astra-migrate-meta-layouts":"default","ast-page-background-enabled":"default","ast-page-background-meta":{"desktop":{"background-color":"var(--ast-global-color-4)","background-image":"","background-repeat":"repeat","background-position":"center center","background-size":"auto","background-attachment":"scroll","background-type":"","background-media":"","overlay-type":"","overlay-color":"","overlay-opacity":"","overlay-gradient":""},"tablet":{"background-color":"","background-image":"","background-repeat":"repeat","background-position":"center center","background-size":"auto","background-attachment":"scroll","background-type":"","background-media":"","overlay-type":"","overlay-color":"","overlay-opacity":"","overlay-gradient":""},"mobile":{"background-color":"","background-image":"","background-repeat":"repeat","background-position":"center center","background-size":"auto","background-attachment":"scroll","background-type":"","background-media":"","overlay-type":"","overlay-color":"","overlay-opacity":"","overlay-gradient":""}},"ast-content-background-meta":{"desktop":{"background-color":"var(--ast-global-color-5)","background-image":"","background-repeat":"repeat","background-position":"center center","background-size":"auto","background-attachment":"scroll","background-type":"","background-media":"","overlay-type":"","overlay-color":"","overlay-opacity":"","overlay-gradient":""},"tablet":{"background-color":"var(--ast-global-color-5)","background-image":"","background-repeat":"repeat","background-position":"center center","background-size":"auto","background-attachment":"scroll","background-type":"","background-media":"","overlay-type":"","overlay-color":"","overlay-opacity":"","overlay-gradient":""},"mobile":{"background-color":"var(--ast-global-color-5)","background-image":"","background-repeat":"repeat","background-position":"center center","background-size":"auto","background-attachment":"scroll","background-type":"","background-media":"","overlay-type":"","overlay-color":"","overlay-opacity":"","overlay-gradient":""}},"footnotes":""},"class_list":["post-1644","page","type-page","status-publish","hentry"],"_links":{"self":[{"href":"https:\/\/redfruct.ro\/hu\/wp-json\/wp\/v2\/pages\/1644","targetHints":{"allow":["GET"]}}],"collection":[{"href":"https:\/\/redfruct.ro\/hu\/wp-json\/wp\/v2\/pages"}],"about":[{"href":"https:\/\/redfruct.ro\/hu\/wp-json\/wp\/v2\/types\/page"}],"author":[{"embeddable":true,"href":"https:\/\/redfruct.ro\/hu\/wp-json\/wp\/v2\/users\/1"}],"replies":[{"embeddable":true,"href":"https:\/\/redfruct.ro\/hu\/wp-json\/wp\/v2\/comments?post=1644"}],"version-history":[{"count":0,"href":"https:\/\/redfruct.ro\/hu\/wp-json\/wp\/v2\/pages\/1644\/revisions"}],"wp:attachment":[{"href":"https:\/\/redfruct.ro\/hu\/wp-json\/wp\/v2\/media?parent=1644"}],"curies":[{"name":"wp","href":"https:\/\/api.w.org\/{rel}","templated":true}]}}