{"id":1650,"date":"2022-03-24T12:36:31","date_gmt":"2022-03-24T12:36:31","guid":{"rendered":"https:\/\/redfruct.ro\/felhasznaloi-feltetelek\/"},"modified":"2022-07-15T10:46:17","modified_gmt":"2022-07-15T10:46:17","slug":"felhasznaloi-feltetelek","status":"publish","type":"page","link":"https:\/\/redfruct.ro\/hu\/felhasznaloi-feltetelek\/","title":{"rendered":"Felhaszn\u00e1l\u00f3i felt\u00e9telek"},"content":{"rendered":"\t\t<div data-elementor-type=\"wp-page\" data-elementor-id=\"1650\" class=\"elementor elementor-1650 elementor-642\">\n\t\t\t\t\t\t<section class=\"elementor-section elementor-top-section elementor-element elementor-element-5c4b961 elementor-section-height-min-height elementor-section-boxed elementor-section-height-default elementor-section-items-middle\" data-id=\"5c4b961\" data-element_type=\"section\" data-e-type=\"section\" data-settings=\"{&quot;background_background&quot;:&quot;classic&quot;}\">\n\t\t\t\t\t\t\t<div class=\"elementor-background-overlay\"><\/div>\n\t\t\t\t\t\t\t<div class=\"elementor-container elementor-column-gap-default\">\n\t\t\t\t\t<div class=\"elementor-column elementor-col-100 elementor-top-column elementor-element elementor-element-67bb009\" data-id=\"67bb009\" data-element_type=\"column\" data-e-type=\"column\">\n\t\t\t<div class=\"elementor-widget-wrap elementor-element-populated\">\n\t\t\t\t\t\t<div class=\"elementor-element elementor-element-eff24fa elementor-widget elementor-widget-heading\" data-id=\"eff24fa\" data-element_type=\"widget\" data-e-type=\"widget\" data-widget_type=\"heading.default\">\n\t\t\t\t<div class=\"elementor-widget-container\">\n\t\t\t\t\t<h2 class=\"elementor-heading-title elementor-size-default\">Felhaszn\u00e1l\u00f3i felt\u00e9telek<\/h2>\t\t\t\t<\/div>\n\t\t\t\t<\/div>\n\t\t\t\t\t<\/div>\n\t\t<\/div>\n\t\t\t\t\t<\/div>\n\t\t<\/section>\n\t\t\t\t<section class=\"elementor-section elementor-top-section elementor-element elementor-element-235e4f7 elementor-section-boxed elementor-section-height-default elementor-section-height-default\" data-id=\"235e4f7\" data-element_type=\"section\" data-e-type=\"section\" data-settings=\"{&quot;background_background&quot;:&quot;classic&quot;}\">\n\t\t\t\t\t\t\t<div class=\"elementor-background-overlay\"><\/div>\n\t\t\t\t\t\t\t<div class=\"elementor-container elementor-column-gap-default\">\n\t\t\t\t\t<div class=\"elementor-column elementor-col-100 elementor-top-column elementor-element elementor-element-ea3bc33\" data-id=\"ea3bc33\" data-element_type=\"column\" data-e-type=\"column\">\n\t\t\t<div class=\"elementor-widget-wrap elementor-element-populated\">\n\t\t\t\t\t\t<div class=\"elementor-element elementor-element-218e81d elementor-widget elementor-widget-text-editor\" data-id=\"218e81d\" data-element_type=\"widget\" data-e-type=\"widget\" data-widget_type=\"text-editor.default\">\n\t\t\t\t<div class=\"elementor-widget-container\">\n\t\t\t\t\t\t\t\t\t<div class=\"elementor-element elementor-element-6d534c3 elementor-widget elementor-widget-heading\" data-id=\"6d534c3\" data-element_type=\"widget\" data-widget_type=\"heading.default\"><div class=\"elementor-widget-container\"><span style=\"color: #5e8d2f;\"><b style=\"font-style: inherit; font-size: 1.5em;\">\u00c1ltal\u00e1nos fogalmak<\/b><\/span><\/div><\/div><p><span style=\"font-weight: 400;\">A <a href=\"https:\/\/redfruct.ro\/hu\/\">www.redfruct.ro<\/a> weboldalt (a tov\u00e1bbiakban: \u201eweboldal\u201d, \u201ehonlap\u201d vagy \u201eoldal\u201d) az S.C. REDFRUCT S.R.L. (a tov\u00e1bbiakban: \u201eREDFRUCT\u201d) hozta l\u00e9tre \u00e9s kezeli.<\/span><\/p><p><span style=\"font-weight: 400;\"> A \u201efelhaszn\u00e1l\u00f3\u201d minden olyan szem\u00e9lyt jelent, aki hozz\u00e1f\u00e9r ehhez a weboldalhoz. Az oldalra val\u00f3 bel\u00e9p\u00e9ssel \u00d6n nyilatkozik arr\u00f3l, hogy elolvasta \u00e9s teljes m\u00e9rt\u00e9kben meg\u00e9rtette a Felhaszn\u00e1l\u00f3i felt\u00e9teleket, azok egy\u00e9rtelm\u0171ek az \u00d6n sz\u00e1m\u00e1ra, azokat elfogadja, \u00e9s beleegyezik teljes k\u00f6r\u0171 betart\u00e1sukba. <\/span><\/p><p><span style=\"font-weight: 400;\">Amennyiben nem \u00e9rt egyet ezekkel a Felhaszn\u00e1l\u00f3i felt\u00e9telekkel, k\u00e9rj\u00fck, azonnal hagyja el a honlapot, \u00e9s ne haszn\u00e1lja annak tartalm\u00e1t. <\/span><\/p><p><span style=\"font-weight: 400;\">Ha b\u00e1rmilyen k\u00e9rd\u00e9se vagy agg\u00e1lya van a jelen Felhaszn\u00e1l\u00f3i felt\u00e9telekkel kapcsolatban, k\u00e9rj\u00fck, \u00edrjon nek\u00fcnk a <a href=\"mailto:redfruct@gmail.com\">redfruct@gmail.com<\/a>, <a href=\"mailto:contact@redfruct.ro\">contact@redfruct.ro<\/a> e-mail c\u00edmre.<\/span><\/p><p><span style=\"color: #5e8d2f;\"><b style=\"font-size: 1.5em; font-style: inherit;\">\u00c1ltal\u00e1nos felt\u00e9telek<\/b><\/span><\/p><p><strong>A k\u00edv\u00e1nt term\u00e9kek kiv\u00e1laszt\u00e1sa:<\/strong> ha kiv\u00e1lasztotta a megv\u00e1s\u00e1rolni k\u00edv\u00e1nt term\u00e9ket, kattintson a Kos\u00e1rba helyez\u00e9s gombra. Ezut\u00e1n automatikusan a Kos\u00e1r megtekint\u00e9se oldalra ker\u00fcl, ahol megtekintheti a kos\u00e1rban l\u00e9v\u0151 term\u00e9kek list\u00e1j\u00e1t, m\u00f3dos\u00edthatja a megv\u00e1s\u00e1rolni k\u00edv\u00e1nt mennyis\u00e9geket, vagy t\u00f6r\u00f6lhet egy, t\u00f6bb vagy ak\u00e1r minden term\u00e9ket a kos\u00e1rb\u00f3l. Ha vissza szeretne t\u00e9rni az oldalra, \u00e9s tov\u00e1bbi term\u00e9keket szeretne a kos\u00e1rba helyezni, kattintson a V\u00e1s\u00e1rl\u00e1s folytat\u00e1sa gombra.<\/p><p><strong>K\u00fcld\u00e9sre vonatkoz\u00f3 inform\u00e1ci\u00f3k:<\/strong> a megrendel\u00e9s befejez\u00e9s\u00e9hez kattintson a Rendel\u00e9s elk\u00fcld\u00e9se gombra. Amennyiben \u00d6n \u00faj \u00fcgyf\u00e9l, hozzon l\u00e9tre el\u0151sz\u00f6r egy felhaszn\u00e1l\u00f3i fi\u00f3kot az oldalon tal\u00e1lhat\u00f3 regisztr\u00e1ci\u00f3s \u0171rlap kit\u00f6lt\u00e9s\u00e9vel. Ez a folyamat nem tart tov\u00e1bb 1-2 percn\u00e9l, ezt k\u00f6vet\u0151en befejezheti a megrendel\u00e9st. Ha a fizet\u00e9sre vonatkoz\u00f3 adatok elt\u00e9rnek a sz\u00e1ll\u00edt\u00e1si adatokt\u00f3l, v\u00e1lassza az \u00daj fizet\u00e9si c\u00edm kit\u00f6lt\u00e9se lehet\u0151s\u00e9get, \u00e9s adja meg a k\u00edv\u00e1nt adatokat.<\/p><p><strong>Online bankk\u00e1rty\u00e1s fizet\u00e9s:<\/strong> Neotopia (Visa\/Maestro\/Mastercard)<br \/>Az online bankk\u00e1rty\u00e1s fizet\u00e9shez ki kell t\u00f6ltenie egy \u0171rlapot a k\u00e1rtyaadataival a fizet\u00e9si szolg\u00e1ltat\u00f3, a Neotopia.ro biztons\u00e1gos oldal\u00e1n.<\/p><p>A Visa \u00e9s MasterCard \u00e1ltal kibocs\u00e1tott hitel-\/bankk\u00e1rty\u00e1val (Visa\/Visa Electron \u00e9s MasterCard\/Maestro) t\u00f6rt\u00e9n\u0151 fizet\u00e9s \u201e3-D Secure\u201d rendszeren kereszt\u00fcl t\u00f6rt\u00e9nik, amely ugyanolyan szint\u0171 biztons\u00e1got ny\u00fajt az online tranzakci\u00f3k sor\u00e1n, mint a bankautomat\u00e1kn\u00e1l vagy a boltokban t\u00f6rt\u00e9n\u0151 fizikai tranzakci\u00f3k eset\u00e9ben.<\/p><p>A \u201e3-D Secure\u201d mindenekel\u0151tt azt biztos\u00edtja, hogy az \u00d6n k\u00e1rtyaadatait a bolt szerverei vagy a fizet\u00e9si szolg\u00e1ltat\u00f3 szerverei nem kapj\u00e1k meg, illetve nem t\u00e1rolj\u00e1k, mivel ezek az adatok k\u00f6zvetlen\u00fcl a Visa \u00e9s a MasterCard rendszer\u00e9be ker\u00fclnek. A 2014. j\u00fanius 12-i 34. sz\u00e1m\u00fa, a fogyaszt\u00f3k jogair\u00f3l sz\u00f3l\u00f3 korm\u00e1nyrendelet 9. cikk\u00e9nek (1) bekezd\u00e9se \u00e9rtelm\u00e9ben \u00d6n jogosult indokl\u00e1s n\u00e9lk\u00fcl el\u00e1llni a t\u00e1vollev\u0151k k\u00f6z\u00f6tt k\u00f6t\u00f6tt szerz\u0151d\u00e9st\u0151l att\u00f3l a napt\u00f3l sz\u00e1m\u00edtott 14 napon bel\u00fcl, amikor \u00d6n vagy az \u00d6n \u00e1ltal megjel\u00f6lt, a sz\u00e1ll\u00edtm\u00e1nyoz\u00f3t\u00f3l elt\u00e9r\u0151 harmadik szem\u00e9ly a term\u00e9keket\/az utols\u00f3 term\u00e9ket fizikailag birtokba veszi.<\/p><p>El\u00e1ll\u00e1si jog\u00e1nak gyakorl\u00e1s\u00e1hoz e-mailben k\u00fcld\u00f6tt egy\u00e9rtelm\u0171 nyilatkozatban kell t\u00e1j\u00e9koztatnia minket arr\u00f3l, hogy el k\u00edv\u00e1n \u00e1llni a szerz\u0151d\u00e9st\u0151l, \u00e9s a term\u00e9ket eredeti csomagol\u00e1s\u00e1ban vissza kell k\u00fcldenie. El\u00e1ll\u00e1s eset\u00e9n az \u00d6nt\u0151l kapott minden p\u00e9nz\u00f6sszeget &#8211; a sz\u00e1ll\u00edt\u00e1si k\u00f6lts\u00e9gek kiv\u00e9tel\u00e9vel &#8211; indokolatlan k\u00e9sedelem n\u00e9lk\u00fcl, de legk\u00e9s\u0151bb att\u00f3l a napt\u00f3l sz\u00e1m\u00edtott 14 napon bel\u00fcl visszat\u00e9r\u00edtj\u00fck, amikor \u00e9rtes\u00fclt\u00fcnk arr\u00f3l, hogy \u00d6n el\u00e1ll a szerz\u0151d\u00e9st\u0151l, vagy amikor a term\u00e9ket \u00e1tvette.<\/p><p>A visszat\u00e9r\u00edt\u00e9s az \u00d6n \u00e1ltal megadott banksz\u00e1ml\u00e1ra t\u00f6rt\u00e9nik.<\/p><p><strong>K\u00fcldje a term\u00e9keket vagy hozza szem\u00e9lyesen mag\u00e1val \u0151ket a k\u00f6vetkez\u0151 c\u00edmre<\/strong>: \u00c1KOSFALVA 47 E, Maros megye, Rom\u00e1nia, indokolatlan k\u00e9sedelem n\u00e9lk\u00fcl, de legk\u00e9s\u0151bb 14 nappal azt a napot k\u00f6vet\u0151en, amikor \u00d6n \u00e9rtes\u00edt minket az el\u00e1ll\u00e1sr\u00f3l. A hat\u00e1rid\u0151 akkor teljes\u00fcl, ha az \u00e1rut a 14 napt\u00e1ri nap lej\u00e1rta el\u0151tt visszak\u00fcldi.<br \/>Felh\u00edvjuk figyelm\u00e9t, hogy a term\u00e9kek visszak\u00fcld\u00e9s\u00e9nek k\u00f6zvetlen k\u00f6lts\u00e9gei \u00d6nt terhelik.<\/p><p>\u00d6n kiz\u00e1r\u00f3lag a term\u00e9kek azon \u00e9rt\u00e9kcs\u00f6kken\u00e9s\u00e9\u00e9rt felel\u0151s, amely a term\u00e9kek jelleg\u00e9nek, tulajdons\u00e1gainak \u00e9s m\u0171k\u00f6d\u00e9s\u00e9nek meghat\u00e1roz\u00e1s\u00e1hoz sz\u00fcks\u00e9ges kezel\u00e9sen t\u00fal ment v\u00e9gbe. A SC REDFRUCT SRL \u00e1ltal \u00e9rt\u00e9kes\u00edtett term\u00e9kek visszak\u00fcld\u00e9s\u00e9hez vegye fel vel\u00fcnk a kapcsolatot a +40772047305 telefonsz\u00e1mon. Munkat\u00e1rsaink seg\u00edtenek \u00d6nnek a visszak\u00fcld\u00e9si m\u00f3d kiv\u00e1laszt\u00e1s\u00e1ban, \u00e9s r\u00e9szletes inform\u00e1ci\u00f3kat szolg\u00e1ltatnak a sz\u00e1ll\u00edt\u00e1si c\u00edmre, a csomagol\u00e1sra vagy a fut\u00e1rc\u00e9ggel val\u00f3 kapcsolatfelv\u00e9telre n\u00e9zve.<\/p><p><strong>A megrendel\u00e9sek kisz\u00e1ll\u00edt\u00e1sa:<\/strong> a honlapunkon leadott, 200 lej \u00e9rt\u00e9ket meghalad\u00f3 megrendel\u00e9sek kisz\u00e1ll\u00edt\u00e1sa ingyenes. Ha a rendel\u00e9s \u00e9rt\u00e9ke 200 lejn\u00e9l kevesebb, 20 lej sz\u00e1ll\u00edt\u00e1si d\u00edj ker\u00fcl felsz\u00e1m\u00edt\u00e1sra, f\u00fcggetlen\u00fcl att\u00f3l, hogy a rendel\u00e9s milyen telep\u00fcl\u00e9sre ker\u00fcl kisz\u00e1ll\u00edt\u00e1sra. A fut\u00e1rszolg\u00e1lat rakt\u00e1rait\u00f3l t\u00e1vol es\u0151 telep\u00fcl\u00e9sekre t\u00f6rt\u00e9n\u0151 sz\u00e1ll\u00edt\u00e1s\u00e9rt nem sz\u00e1m\u00edtunk fel k\u00fcl\u00f6n kilom\u00e9terd\u00edjat. A h\u00e9tv\u00e9g\u00e9n \u00e9s \u00fcnnepnapokon leadott megrendel\u00e9seket a k\u00f6vetkez\u0151 munkanapon dolgozzuk fel. A megrendel\u00e9seket fut\u00e1rszolg\u00e1lat k\u00e9zbes\u00edti 1-3 munkanapon bel\u00fcl. Az \u00e1rak tartalmazz\u00e1k az \u00e1f\u00e1t.<\/p><p>A SC REDFRUCT SRL \u00e1ltal \u00e9rt\u00e9kes\u00edtett term\u00e9kek visszak\u00fcld\u00e9s\u00e9nek \u00e1ltal\u00e1nos felt\u00e9telei:<\/p><p>A term\u00e9keket az eredeti csomagol\u00e1sban kell visszak\u00fcldeni, olyan \u00e1llapotban, mint amikor \u00e1tvett\u00e9k \u0151ket, ugyanakkor csatolni kell a nyugt\u00e1t\/sz\u00e1ml\u00e1t \u00e9s a term\u00e9kc\u00edmk\u00e9t.<\/p><p>A haszn\u00e1lat jeleit mutat\u00f3 (nyomok\/foltok, szag), illetve a valamilyen form\u00e1ban m\u00f3dos\u00edtott term\u00e9kek eset\u00e9ben nincsen lehet\u0151s\u00e9g cser\u00e9re \u00e9s a p\u00e9nz visszat\u00e9r\u00edt\u00e9s\u00e9re.<\/p><p>Amennyiben a visszak\u00fcldend\u0151 term\u00e9kek mell\u00e9 c\u00e9g\u00fcnk aj\u00e1nd\u00e9kot is csatolt, azt is vissza kell k\u00fcldeni.<\/p><p>Ha t\u00f6bb egyforma term\u00e9ket v\u00e1s\u00e1rolt, \u00e9s az \u00f6sszeset vissza szeretn\u00e9 k\u00fcldeni, csak az egyiket bontsa fel. A t\u00f6bbi term\u00e9k visszak\u00fcld\u00e9s\u00e9t csak bontatlan \u00e1llapotban fogadjuk el.<\/p><p>A visszak\u00fcld\u00e9si folyamat<\/p><p>El\u0151sz\u00f6r vegye fel a kapcsolatot a fut\u00e1rc\u00e9ggel a term\u00e9k visszak\u00fcld\u00e9s\u00e9hez.<\/p><p>K\u00fcldje el a term\u00e9keket sz\u00e9khely\u00fcnkre (c\u00edm az oldal alj\u00e1n).<\/p><p>Javasoljuk, hogy olyan sz\u00e1ll\u00edt\u00e1si rendszert haszn\u00e1ljon, amely lehet\u0151v\u00e9 teszi a nyomon k\u00f6vet\u00e9si k\u00f3d haszn\u00e1lat\u00e1t, vagy k\u00f6ss\u00f6n sz\u00e1ll\u00edt\u00e1si biztos\u00edt\u00e1st.<\/p><p>A visszak\u00fcld\u00e9s sor\u00e1n nem vehet\u0151k ig\u00e9nybe a Rom\u00e1n Posta szolg\u00e1ltat\u00e1sai. Amennyiben ezt a szolg\u00e1ltat\u00f3t v\u00e1lasztja, nem v\u00e1llalunk felel\u0151ss\u00e9get a csomagok elt\u0171n\u00e9s\u00e9\u00e9rt. Nem biztos\u00edthatjuk, hogy ebben az esetben visszakapjuk a visszak\u00fcld\u00f6tt term\u00e9keket.<\/p><p><strong>A term\u00e9kek \u00e1r\u00e1nak visszat\u00e9r\u00edt\u00e9se<\/strong><\/p><p>Amint a term\u00e9k vissza\u00e9rkezett hozz\u00e1nk \u00e9s megvizsg\u00e1ltuk, e-mailben \u00e9rtes\u00edt\u00e9st k\u00fcld\u00fcnk \u00d6nnek az \u00e1tv\u00e9telr\u0151l. \u00c9rtes\u00edt\u00e9st k\u00fcld\u00fcnk \u00d6nnek arr\u00f3l is, hogy k\u00e9relm\u00e9t j\u00f3v\u00e1hagytuk vagy elutas\u00edtottuk.<\/p><p>A visszat\u00e9r\u00edt\u00e9s kiz\u00e1r\u00f3lag banki \u00e1tutal\u00e1ssal t\u00f6rt\u00e9nik az \u00d6n \u00e1ltal a VISSZAFIZET\u00c9SI K\u00c9RELEMBEN megadott sz\u00e1ml\u00e1ra. K\u00e9szp\u00e9nz-visszat\u00e9r\u00edt\u00e9sre nincsen lehet\u0151s\u00e9g.<\/p><p>A sz\u00e1ll\u00edt\u00e1s \u00e9s a kieg\u00e9sz\u00edt\u0151 szolg\u00e1ltat\u00e1sok \u00e1r\u00e1nak megt\u00e9r\u00edt\u00e9s\u00e9re nincsen lehet\u0151s\u00e9g.<\/p><p><strong>Melyek a sz\u00e1ll\u00edt\u00e1si m\u00f3dozatok?<\/strong><\/p><p>A term\u00e9keket maximum 72 munka\u00f3r\u00e1n bel\u00fcl fut\u00e1rszolg\u00e1lat sz\u00e1ll\u00edtja ki. \u00c1kosfalv\u00e1n \u00e9s k\u00f6rny\u00e9k\u00e9n, valamint a 200 lej feletti rendel\u00e9sek eset\u00e9n a kisz\u00e1ll\u00edt\u00e1s ingyenes. A megrendelt term\u00e9kek k\u00f6zvetlen\u00fcl a gy\u00e1rban is \u00e1tvehet\u0151k, ebben az esetben sz\u00e1ll\u00edt\u00e1si k\u00f6lts\u00e9g nem ker\u00fcl felsz\u00e1m\u00edt\u00e1sra.<\/p><p><strong>Hogyan fizethetek?<\/strong><\/p><p>A megrendelt term\u00e9kek \u00e1r\u00e1t k\u00f6zvetlen\u00fcl a term\u00e9keket kisz\u00e1ll\u00edt\u00f3 fut\u00e1rnak kell kifizetni.<\/p><p>Online bankk\u00e1rty\u00e1s fizet\u00e9sre is van lehet\u0151s\u00e9g a NETOPIA.RO fizet\u00e9si szolg\u00e1ltat\u00f3n kereszt\u00fcl.<\/p><p><strong>Hogyan ind\u00edthatom el az online rendel\u00e9st?<\/strong><\/p><p>A k\u00edv\u00e1nt term\u00e9kek kiv\u00e1laszt\u00e1sa a megfelel\u0151 inform\u00e1ci\u00f3s oldal megtekint\u00e9se ut\u00e1n t\u00f6rt\u00e9nik. A k\u00edv\u00e1nt term\u00e9k kiv\u00e1laszt\u00e1sa ut\u00e1n a Kos\u00e1rba helyez\u00e9s gombra val\u00f3 kattint\u00e1ssal a term\u00e9k a kos\u00e1rba helyezhet\u0151.<\/p><p>Miut\u00e1n az \u00f6sszes k\u00edv\u00e1nt term\u00e9ket a kos\u00e1rba tette, kattintson a Tov\u00e1bb a megrendel\u00e9s befejez\u00e9s\u00e9hez gombra. Ezut\u00e1n a honlap \u00e1tir\u00e1ny\u00edtja a bejelentkez\u00e9s oldalra, ahol \u00faj fi\u00f3kot hozhat l\u00e9tre, vagy bejelentkezhet megl\u00e9v\u0151 fi\u00f3kj\u00e1ba.<\/p><p>A bejelentkez\u00e9st k\u00f6vet\u0151en a kos\u00e1rban l\u00e9v\u0151 term\u00e9kek \u00e9s a v\u00e9gs\u0151 \u00e1r az oldal alj\u00e1n l\u00e1that\u00f3 (https:\/\/redfruct.ro\/finalizare\/).<br \/>Csak a fizet\u00e9si m\u00f3d kiv\u00e1laszt\u00e1sa \u00e9s az \u201e\u00c1ltal\u00e1nos Szerz\u0151d\u00e9si Felt\u00e9telek\u201d elfogad\u00e1sa ut\u00e1n kapjuk meg a megrendel\u00e9st.<\/p><p><strong>Hogyan \u00e9rtes\u00fclhetek a NATURA JUICE term\u00e9kekkel kapcsolatos h\u00edrekr\u0151l?<\/strong><\/p><p>A h\u00edrlev\u00e9lre val\u00f3 feliratkoz\u00e1ssal \u00d6nt folyamatosan t\u00e1j\u00e9koztatjuk a v\u00e1llalkoz\u00e1sunk \u00e1ltal \u00e9rt\u00e9kes\u00edtett term\u00e9kekkel kapcsolatos h\u00edrekr\u0151l, akci\u00f3kr\u00f3l, aj\u00e1nd\u00e9kutalv\u00e1nyokr\u00f3l \u00e9s egy\u00e9b inform\u00e1ci\u00f3kr\u00f3l.<\/p><p><strong>Szem\u00e9lyes adatok<\/strong><\/p><p>Az \u00e9rt\u00e9kes\u00edt\u0151 \u00e1ltal k\u00e9rt szem\u00e9lyes adatok a k\u00f6vetkez\u0151kre vonatkoznak:<\/p><p>\u2013 <strong>term\u00e9szetes szem\u00e9lyek eset\u00e9n:<\/strong> n\u00e9v, vezet\u00e9kn\u00e9v, szem\u00e9lyi sz\u00e1m, sz\u00e1ml\u00e1z\u00e1si c\u00edm, sz\u00e1ll\u00edt\u00e1si c\u00edm, telefonsz\u00e1m, ahol az \u00fcgyfelet a csomag k\u00e9zbes\u00edt\u00e9s\u00e9vel kapcsolatban keresik.<\/p><p>\u2013 <strong>Jogi szem\u00e9lyek eset\u00e9n:<\/strong> c\u00e9gn\u00e9v, ad\u00f3sz\u00e1m, c\u00e9gjegyz\u00e9ksz\u00e1m, sz\u00e1ml\u00e1z\u00e1si c\u00edm, sz\u00e1ll\u00edt\u00e1si c\u00edm, telefonsz\u00e1m, ahol az \u00fcgyfelet a csomag k\u00e9zbes\u00edt\u00e9s\u00e9vel kapcsolatban keresik.<\/p><p>Ezeket az adatokat az \u00e9rt\u00e9kes\u00edt\u0151 kiz\u00e1r\u00f3lag a megrendel\u00e9s nyilv\u00e1ntart\u00e1sba v\u00e9tel\u00e9re \u00e9s a megfelel\u0151 felt\u00e9telek melletti sz\u00e1ll\u00edt\u00e1sra haszn\u00e1lja fel, \u00e9s nem adja \u00e1t harmadik f\u00e9lnek. Bankk\u00e1rty\u00e1s fizet\u00e9s eset\u00e9n az adatokat az \u00e9rt\u00e9kes\u00edt\u0151 semmilyen m\u00f3don nem t\u00e1rolja.<\/p><p><strong>\u00c1rak:<\/strong> az \u00e1rak lejben \u00e9rtend\u0151k, \u00e9s tartalmazz\u00e1k az \u00e1f\u00e1t. A honlapon felt\u00fcntetett \u00e1rak nem felt\u00e9tlen\u00fcl azonosak a bolti \u00e1rakkal, \u00e9s a bolti \u00e1raknak nem kell k\u00f6telez\u0151 m\u00f3don megegyezni\u00fck a honlapon felt\u00fcntetett \u00e1rakkal.<\/p><p><strong>Rakt\u00e1rk\u00e9szlet:<\/strong> a www.redfruct.ro oldalon tal\u00e1lhat\u00f3 \u00f6sszes term\u00e9k rakt\u00e1ron van, azonnal sz\u00e1ll\u00edthat\u00f3 \u00e9s el\u00e9rhet\u0151. A \u201eNincs k\u00e9szleten\u201d jelz\u00e9s\u0171 term\u00e9kek olyan term\u00e9kek, amelyek hamarosan \u00fajra gy\u00e1rt\u00e1sra (el\u0151\u00e1ll\u00edt\u00e1sra) ker\u00fclnek. Amennyiben az \u00d6n \u00e1ltal megrendelt egy vagy t\u00f6bb term\u00e9k nincs rakt\u00e1ron, err\u0151l e-mailben vagy telefonon \u00e9rtes\u00edtj\u00fck \u00d6nt.<\/p><p><strong>Akci\u00f3k:<\/strong> az akci\u00f3k t\u00f6bb term\u00e9kb\u0151l (term\u00e9szetes gy\u00fcm\u00f6lcslevek) \u00e1ll\u00f3 csomagok, akci\u00f3s \u00e1ron. Az akci\u00f3kat el\u0151re meghat\u00e1rozott csomagokban k\u00edn\u00e1ljuk, \u00e9s nem m\u00f3dos\u00edthat\u00f3k. Ezek nem halmozhat\u00f3k m\u00e1s akci\u00f3kkal, \u00e9s a k\u00e9szlet erej\u00e9ig kaphat\u00f3k. Az akci\u00f3k z\u00e1r\u00f3napja a honlapon, szalagc\u00edmen ker\u00fcl megjel\u00f6l\u00e9sre. Az online megrendel\u00e9sekre a megjelen\u00edtett d\u00e1tummal bez\u00e1r\u00f3lag kedvezm\u00e9nyes \u00e1rat adunk.<\/p><h2><b>C\u00c9GAZONOS\u00cdT\u00d3 ADATOK\u00a0<\/b><\/h2><ul><li style=\"list-style-type: none;\"><ul><li style=\"font-weight: 400;\" aria-level=\"2\">C\u00e9gn\u00e9v: S.C. REDFRUCT S.R.L.<\/li><li style=\"font-weight: 400;\" aria-level=\"2\">Sz\u00e9khely: 547005 Ac\u0103\u021bari (\u00c1kosfalva), Comuna Ac\u0103\u021bari (\u00c1kosfalva k\u00f6zs\u00e9g), nr. 87 C, jud. Mure\u0219 (Maros megye)<\/li><li style=\"font-weight: 400;\" aria-level=\"2\">C\u00e9gb\u00edr\u00f3s\u00e1gi bejegyz\u00e9s sz\u00e1ma: J26\/135\/2019<\/li><li style=\"font-weight: 400;\" aria-level=\"2\">Egyedi nyilv\u00e1ntart\u00e1si sz\u00e1m: RO40438485<\/li><\/ul><\/li><\/ul>\t\t\t\t\t\t\t\t<\/div>\n\t\t\t\t<\/div>\n\t\t\t\t\t<\/div>\n\t\t<\/div>\n\t\t\t\t\t<\/div>\n\t\t<\/section>\n\t\t\t\t<\/div>\n\t\t","protected":false},"excerpt":{"rendered":"<p>Felhaszn\u00e1l\u00f3i felt\u00e9telek \u00c1ltal\u00e1nos fogalmak A www.redfruct.ro weboldalt (a tov\u00e1bbiakban: \u201eweboldal\u201d, \u201ehonlap\u201d vagy \u201eoldal\u201d) az S.C. REDFRUCT S.R.L. (a tov\u00e1bbiakban: \u201eREDFRUCT\u201d) hozta l\u00e9tre \u00e9s kezeli. A \u201efelhaszn\u00e1l\u00f3\u201d minden olyan szem\u00e9lyt jelent, aki hozz\u00e1f\u00e9r ehhez a weboldalhoz. Az oldalra val\u00f3 bel\u00e9p\u00e9ssel \u00d6n nyilatkozik arr\u00f3l, hogy elolvasta \u00e9s teljes m\u00e9rt\u00e9kben meg\u00e9rtette a Felhaszn\u00e1l\u00f3i felt\u00e9teleket, azok egy\u00e9rtelm\u0171ek az \u00d6n [&hellip;]<\/p>\n","protected":false},"author":1,"featured_media":0,"parent":0,"menu_order":0,"comment_status":"closed","ping_status":"closed","template":"","meta":{"site-sidebar-layout":"no-sidebar","site-content-layout":"page-builder","ast-site-content-layout":"default","site-content-style":"default","site-sidebar-style":"default","ast-global-header-display":"","ast-banner-title-visibility":"","ast-main-header-display":"","ast-hfb-above-header-display":"","ast-hfb-below-header-display":"","ast-hfb-mobile-header-display":"","site-post-title":"disabled","ast-breadcrumbs-content":"","ast-featured-img":"disabled","footer-sml-layout":"","ast-disable-related-posts":"","theme-transparent-header-meta":"","adv-header-id-meta":"","stick-header-meta":"","header-above-stick-meta":"","header-main-stick-meta":"","header-below-stick-meta":"","astra-migrate-meta-layouts":"default","ast-page-background-enabled":"default","ast-page-background-meta":{"desktop":{"background-color":"var(--ast-global-color-4)","background-image":"","background-repeat":"repeat","background-position":"center center","background-size":"auto","background-attachment":"scroll","background-type":"","background-media":"","overlay-type":"","overlay-color":"","overlay-opacity":"","overlay-gradient":""},"tablet":{"background-color":"","background-image":"","background-repeat":"repeat","background-position":"center center","background-size":"auto","background-attachment":"scroll","background-type":"","background-media":"","overlay-type":"","overlay-color":"","overlay-opacity":"","overlay-gradient":""},"mobile":{"background-color":"","background-image":"","background-repeat":"repeat","background-position":"center center","background-size":"auto","background-attachment":"scroll","background-type":"","background-media":"","overlay-type":"","overlay-color":"","overlay-opacity":"","overlay-gradient":""}},"ast-content-background-meta":{"desktop":{"background-color":"var(--ast-global-color-5)","background-image":"","background-repeat":"repeat","background-position":"center center","background-size":"auto","background-attachment":"scroll","background-type":"","background-media":"","overlay-type":"","overlay-color":"","overlay-opacity":"","overlay-gradient":""},"tablet":{"background-color":"var(--ast-global-color-5)","background-image":"","background-repeat":"repeat","background-position":"center center","background-size":"auto","background-attachment":"scroll","background-type":"","background-media":"","overlay-type":"","overlay-color":"","overlay-opacity":"","overlay-gradient":""},"mobile":{"background-color":"var(--ast-global-color-5)","background-image":"","background-repeat":"repeat","background-position":"center center","background-size":"auto","background-attachment":"scroll","background-type":"","background-media":"","overlay-type":"","overlay-color":"","overlay-opacity":"","overlay-gradient":""}},"footnotes":""},"class_list":["post-1650","page","type-page","status-publish","hentry"],"_links":{"self":[{"href":"https:\/\/redfruct.ro\/hu\/wp-json\/wp\/v2\/pages\/1650","targetHints":{"allow":["GET"]}}],"collection":[{"href":"https:\/\/redfruct.ro\/hu\/wp-json\/wp\/v2\/pages"}],"about":[{"href":"https:\/\/redfruct.ro\/hu\/wp-json\/wp\/v2\/types\/page"}],"author":[{"embeddable":true,"href":"https:\/\/redfruct.ro\/hu\/wp-json\/wp\/v2\/users\/1"}],"replies":[{"embeddable":true,"href":"https:\/\/redfruct.ro\/hu\/wp-json\/wp\/v2\/comments?post=1650"}],"version-history":[{"count":0,"href":"https:\/\/redfruct.ro\/hu\/wp-json\/wp\/v2\/pages\/1650\/revisions"}],"wp:attachment":[{"href":"https:\/\/redfruct.ro\/hu\/wp-json\/wp\/v2\/media?parent=1650"}],"curies":[{"name":"wp","href":"https:\/\/api.w.org\/{rel}","templated":true}]}}