{"id":1577,"date":"2022-03-22T12:14:05","date_gmt":"2022-03-22T12:14:05","guid":{"rendered":"https:\/\/redfruct.ro\/produs\/almale-2l\/"},"modified":"2022-03-22T12:14:05","modified_gmt":"2022-03-22T12:14:05","slug":"almale-2l","status":"publish","type":"product","link":"https:\/\/redfruct.ro\/hu\/produs\/almale-2l\/","title":{"rendered":"Almal\u00e9 2L"},"content":{"rendered":"<p><strong>Paszt\u0151r\u00f6z\u00f6tt term\u00e9k.<\/strong><\/p>\n<p><strong>A gy\u00fcm\u00f6lcsl\u00e9 \u00edze \u00e9s zamata t\u00e9telenk\u00e9nt elt\u00e9r\u0151 lehet.<\/strong><\/p>\n<p><strong>\u00d6sszet\u00e9tel:<\/strong>\u00a0100%-os rostos almal\u00e9<\/p>\n<p><strong>T\u00e1rol\u00e1s:<\/strong><br \/>\nT\u00e1rolja h\u0171v\u00f6s, sz\u00e1raz, fagyt\u00f3l \u00e9s napf\u00e9nyt\u0151l v\u00e9dett helyen.<br \/>\nFelbont\u00e1s ut\u00e1n a term\u00e9ket t\u00e1rolja h\u0171t\u0151ben (2-8 fokon), a felbont\u00e1st\u00f3l sz\u00e1m\u00edtott 3 napon bel\u00fcl fogyassza el.<\/p>\n<p><strong>Min\u0151s\u00e9g\u00e9t meg\u0151rzi:<\/strong>\u00a0a gy\u00e1rt\u00e1st\u00f3l sz\u00e1m\u00edtott 12 h\u00f3napig.<\/p>\n<p><strong>Fontos:<\/strong>\u00a0fogyaszt\u00e1s el\u0151tt felr\u00e1zand\u00f3.<\/p>\n","protected":false},"excerpt":{"rendered":"<p>Friss \u00e9s eg\u00e9szs\u00e9ges gy\u00fcm\u00f6lcsb\u0151l hidegsajtol\u00e1ssal k\u00e9sz\u00fclt almal\u00e9, cukor \u00e9s v\u00edz hozz\u00e1ad\u00e1sa n\u00e9lk\u00fcl, adal\u00e9kanyagok, tart\u00f3s\u00edt\u00f3szerek, arom\u00e1k n\u00e9lk\u00fcl, 100%-ban term\u00e9szetes, szeretettel k\u00e9sz\u00fclt.<\/p>\n","protected":false},"featured_media":1553,"comment_status":"open","ping_status":"closed","template":"","meta":{"site-sidebar-layout":"default","site-content-layout":"default","ast-site-content-layout":"default","site-content-style":"default","site-sidebar-style":"default","ast-global-header-display":"","ast-banner-title-visibility":"","ast-main-header-display":"","ast-hfb-above-header-display":"","ast-hfb-below-header-display":"","ast-hfb-mobile-header-display":"","site-post-title":"","ast-breadcrumbs-content":"","ast-featured-img":"","footer-sml-layout":"","ast-disable-related-posts":"","theme-transparent-header-meta":"default","adv-header-id-meta":"","stick-header-meta":"default","header-above-stick-meta":"","header-main-stick-meta":"","header-below-stick-meta":"","astra-migrate-meta-layouts":"default","ast-page-background-enabled":"default","ast-page-background-meta":{"desktop":{"background-color":"var(--ast-global-color-4)","background-image":"","background-repeat":"repeat","background-position":"center center","background-size":"auto","background-attachment":"scroll","background-type":"","background-media":"","overlay-type":"","overlay-color":"","overlay-opacity":"","overlay-gradient":""},"tablet":{"background-color":"","background-image":"","background-repeat":"repeat","background-position":"center center","background-size":"auto","background-attachment":"scroll","background-type":"","background-media":"","overlay-type":"","overlay-color":"","overlay-opacity":"","overlay-gradient":""},"mobile":{"background-color":"","background-image":"","background-repeat":"repeat","background-position":"center center","background-size":"auto","background-attachment":"scroll","background-type":"","background-media":"","overlay-type":"","overlay-color":"","overlay-opacity":"","overlay-gradient":""}},"ast-content-background-meta":{"desktop":{"background-color":"var(--ast-global-color-5)","background-image":"","background-repeat":"repeat","background-position":"center center","background-size":"auto","background-attachment":"scroll","background-type":"","background-media":"","overlay-type":"","overlay-color":"","overlay-opacity":"","overlay-gradient":""},"tablet":{"background-color":"var(--ast-global-color-5)","background-image":"","background-repeat":"repeat","background-position":"center center","background-size":"auto","background-attachment":"scroll","background-type":"","background-media":"","overlay-type":"","overlay-color":"","overlay-opacity":"","overlay-gradient":""},"mobile":{"background-color":"var(--ast-global-color-5)","background-image":"","background-repeat":"repeat","background-position":"center center","background-size":"auto","background-attachment":"scroll","background-type":"","background-media":"","overlay-type":"","overlay-color":"","overlay-opacity":"","overlay-gradient":""}}},"product_brand":[],"product_cat":[27],"product_tag":[],"class_list":{"0":"post-1577","1":"product","2":"type-product","3":"status-publish","4":"has-post-thumbnail","6":"product_cat-termeszetes-gyumolcslevek","7":"desktop-align-center","8":"tablet-align-center","9":"mobile-align-center","10":"ast-product-gallery-layout-horizontal-slider","11":"ast-product-gallery-with-no-image","12":"ast-product-tabs-layout-horizontal","14":"first","15":"instock","16":"shipping-taxable","17":"purchasable","18":"product-type-simple"},"_links":{"self":[{"href":"https:\/\/redfruct.ro\/hu\/wp-json\/wp\/v2\/product\/1577","targetHints":{"allow":["GET"]}}],"collection":[{"href":"https:\/\/redfruct.ro\/hu\/wp-json\/wp\/v2\/product"}],"about":[{"href":"https:\/\/redfruct.ro\/hu\/wp-json\/wp\/v2\/types\/product"}],"replies":[{"embeddable":true,"href":"https:\/\/redfruct.ro\/hu\/wp-json\/wp\/v2\/comments?post=1577"}],"wp:featuredmedia":[{"embeddable":true,"href":"https:\/\/redfruct.ro\/hu\/wp-json\/wp\/v2\/media\/1553"}],"wp:attachment":[{"href":"https:\/\/redfruct.ro\/hu\/wp-json\/wp\/v2\/media?parent=1577"}],"wp:term":[{"taxonomy":"product_brand","embeddable":true,"href":"https:\/\/redfruct.ro\/hu\/wp-json\/wp\/v2\/product_brand?post=1577"},{"taxonomy":"product_cat","embeddable":true,"href":"https:\/\/redfruct.ro\/hu\/wp-json\/wp\/v2\/product_cat?post=1577"},{"taxonomy":"product_tag","embeddable":true,"href":"https:\/\/redfruct.ro\/hu\/wp-json\/wp\/v2\/product_tag?post=1577"}],"curies":[{"name":"wp","href":"https:\/\/api.w.org\/{rel}","templated":true}]}}